{"id":112,"date":"2026-04-16T14:01:59","date_gmt":"2026-04-16T12:01:59","guid":{"rendered":"https:\/\/bednarska.art.pl\/zpsm\/?page_id=112"},"modified":"2026-04-16T14:01:59","modified_gmt":"2026-04-16T12:01:59","slug":"rekrutacja-2026-27-policealna-szkola-muzyczna-strojenie-i-korekta-fortepianow","status":"publish","type":"page","link":"https:\/\/bednarska.art.pl\/zpsm\/rekrutacja-2026-27-policealna-szkola-muzyczna-strojenie-i-korekta-fortepianow\/","title":{"rendered":"Rekrutacja 2026-27 &#8211; Policealna Szko\u0142a Muzyczna &#8211; strojenie i korekta fortepian\u00f3w"},"content":{"rendered":"<div id=\"pl-112\"  class=\"panel-layout\" ><div id=\"pg-112-0\"  class=\"panel-grid panel-no-style\" ><div id=\"pgc-112-0-0\"  class=\"panel-grid-cell\" ><div id=\"panel-112-0-0-0\" class=\"so-panel widget widget_sow-editor panel-first-child panel-last-child\" data-index=\"0\" ><div\n\t\t\t\n\t\t\tclass=\"so-widget-sow-editor so-widget-sow-editor-base\"\n\t\t\t\n\t\t>\n<div class=\"siteorigin-widget-tinymce textwidget\">\n\t\n<div class=\"wpcf7 no-js\" id=\"wpcf7-f111-o1\" lang=\"pl-PL\" dir=\"ltr\" data-wpcf7-id=\"111\">\n<div class=\"screen-reader-response\"><p role=\"status\" aria-live=\"polite\" aria-atomic=\"true\"><\/p> <ul><\/ul><\/div>\n<form action=\"\/zpsm\/wp-json\/wp\/v2\/pages\/112#wpcf7-f111-o1\" method=\"post\" class=\"wpcf7-form init\" aria-label=\"Formularz kontaktowy\" novalidate=\"novalidate\" data-status=\"init\">\n<fieldset class=\"hidden-fields-container\"><input type=\"hidden\" name=\"_wpcf7\" value=\"111\" \/><input type=\"hidden\" name=\"_wpcf7_version\" value=\"6.1.5\" \/><input type=\"hidden\" name=\"_wpcf7_locale\" value=\"pl_PL\" \/><input type=\"hidden\" name=\"_wpcf7_unit_tag\" value=\"wpcf7-f111-o1\" \/><input type=\"hidden\" name=\"_wpcf7_container_post\" value=\"0\" \/><input type=\"hidden\" name=\"_wpcf7_posted_data_hash\" value=\"\" \/><input type=\"hidden\" name=\"redirect_nonce\" value=\"09e527714b\" \/><input type=\"hidden\" name=\"wpcf7cfpdf_hidden_name\" value=\"zgloszenie-psm-rekrutacja-2026-27\" \/><input type=\"hidden\" name=\"wpcf7cfpdf_hidden_reference\" value=\"9fe3ca7d\" \/><input type=\"hidden\" name=\"wpcf7cfpdf_hidden_date\" value=\"2026-04-21\" \/>\n<\/fieldset>\n<style>\nbody { font-family: Arial, Helvetica, sans-serif; background-color: #eeebd9; }\na {font-family: Arial, Helvetica, sans-serif; font-size: 18px; text-decoration:none}\na:hover\t{ text-decoration: underline }\nP {font-family: Arial, Helvetica, sans-serif ; font-size: 14px;}\n.tdb { BORDER-TOP: #8F8F8F 1px solid; BORDER-LEFT: #8F8F8F 1px solid; BORDER-RIGHT: #8F8F8F 1px solid; BORDER-BOTTOM: #8F8F8F 1px solid; PADDING: 5px; }\n.tdl { text-align: right; BORDER-TOP: #8F8F8F 1px solid; BORDER-LEFT: #8F8F8F 1px solid; BORDER-BOTTOM: #8F8F8F 1px solid; BORDER-RIGHT: #8F8F8F 1px solid; PADDING: 5px; font-weight: bold; max-width: 150px; word-wrap: break-word;}\n.tdr { BORDER-TOP: #8F8F8F 1px solid; BORDER-LEFT: #8F8F8F 1px solid; BORDER-RIGHT: #8F8F8F 1px solid; BORDER-BOTTOM: #8F8F8F 1px solid; PADDING: 5px; max-width: 600px; word-wrap: break-word;}\n.spis \t{ color: #000000; font-size: 14px; FONT-WEIGHT: bold; }\n.link \t{ color: #000000; font-size: 11px; FONT-WEIGHT: bold; }\n.naglowek \t{ color: #000000; font-weight: bold; font-size: 17px; }\n.red \t\t{ color: #ee2121; font-weight: bold; font-size: 14px; }\n.blue \t\t{ color: #214bee; font-weight: bold; font-size: 12px; }\n.blue12 \t{ color: #214bee; font-weight: bold; font-size: 12px; }\n.td {font-family: Arial, Helvetica, sans-serif ; font-size: 14px; bgcolor=\"#FFFF99\"}\n<\/style>\n<div style=\"margin: 0 auto;\">\n\t<p><img decoding=\"async\" WIDTH=\"120\" HEIGHT=\"120\" BORDER=\"0\" style=\"float: right;\" src=\"https:\/\/bednarska.art.pl\/zpsm\/wp-content\/uploads\/2026\/03\/logo-szkoly-czcionka-300.png\" alt=\"Logo ZPSM im. F. Chopina w Warszawie\" \/>\n\t<\/p>\n\t<P class=\"naglowek\">Zesp\u00f3\u0142 Pa\u0144stwowych Szk\u00f3\u0142 Muzycznych im. Fryderyka Chopina w Warszawie<br \/>\nPolicealna Szko\u0142a Muzyczna<br \/>\nul. Bednarska 11, 00-310 Warszawa\n\t<\/p>\n\t<P class=\"naglowek\"><u>WNIOSEK O PRZYJ\u0118CIE DO SZKO\u0141Y - REKRUTACJA 2026\/27<\/u>\n\t<\/p>\n\t<table cellspacing=20 bgcolor=\"#eeebd9\">\n\t\t<tr>\n\t\t\t<td align=\"center\" colspan=\"2\">\n\t\t\t\t<p>Po wype\u0142nieniu formularza prosz\u0119 nacisn\u0105\u0107 na samym dole strony przycisk \"wy\u015blij\".\n\t\t\t\t<\/p>\n\t\t\t\t<p><u>UWAGA!!! Wype\u0142nienie p\u00f3l oznaczonych znakiem <span class=\"red\">(*)<\/span> jest wymagane!<\/u>\n\t\t\t\t<\/p>\n\t\t\t<input class=\"wpcf7-form-control wpcf7-hidden\" value=\"\" type=\"hidden\" name=\"your_code\" \/>\n\t\t\t<\/td>\n\t\t<\/tr>\n\t\t<tr>\n\t\t\t<td valign=top class=\"tdl\">\n\t\t\t\t<p>SPECJALNO\u015a\u0106:\n\t\t\t\t<\/p>\n\t\t\t<\/td>\n\t\t\t<td valign=top class=\"tdr\">\n\t\t\t\t<p><span class=\"wpcf7-form-control-wrap\" data-name=\"instrument\"><select class=\"wpcf7-form-control wpcf7-select wpcf7-validates-as-required\" aria-required=\"true\" aria-invalid=\"false\" name=\"instrument\"><option value=\"FORTEPIANMISTRZOSTWO\">FORTEPIANMISTRZOSTWO<\/option><\/select><\/span><span class=\"red\">(*)<\/span>\n\t\t\t\t<\/p>\n\t\t\t<\/td>\n\t\t<\/tr>\n\t\t<tr>\n\t\t\t<td valign=top class=\"tdl\">\n\t\t\t\t<p>SPECJALIZACJA:\n\t\t\t\t<\/p>\n\t\t\t<\/td>\n\t\t\t<td valign=top class=\"tdr\">\n\t\t\t\t<p><span class=\"wpcf7-form-control-wrap\" data-name=\"specjalizacja\"><select class=\"wpcf7-form-control wpcf7-select wpcf7-validates-as-required\" aria-required=\"true\" aria-invalid=\"false\" name=\"specjalizacja\"><option value=\"STROJENIE I KOREKTA FORTEPIAN\u00d3W\">STROJENIE I KOREKTA FORTEPIAN\u00d3W<\/option><\/select><\/span><span class=\"red\">(*)<\/span>\n\t\t\t\t<\/p>\n\t\t\t<\/td>\n\t\t<\/tr>\n\t\t<tr>\n\t\t\t<td colspan=\"2\" >\n\t\t\t\t<p><span class=\"naglowek\">&nbsp;<\/span>\n\t\t\t\t<\/p>\n\t\t\t<\/td>\n\t\t<\/tr>\n\t\t<tr>\n\t\t\t<td valign=top class=\"tdl\">\n\t\t\t\t<p><b>Nazwisko<\/b>\n\t\t\t\t<\/p>\n\t\t\t<\/td>\n\t\t\t<td valign=top class=\"tdr\">\n\t\t\t\t<p><span class=\"wpcf7-form-control-wrap\" data-name=\"nazwisko\"><input size=\"40\" maxlength=\"400\" class=\"wpcf7-form-control wpcf7-text wpcf7-validates-as-required\" aria-required=\"true\" aria-invalid=\"false\" value=\"\" type=\"text\" name=\"nazwisko\" \/><\/span><span class=\"red\">(*)<\/span>\n\t\t\t\t<\/p>\n\t\t\t<\/td>\n\t\t<\/tr>\n\t\t<tr>\n\t\t\t<td valign=top class=\"tdl\">\n\t\t\t\t<p>Imi\u0119\n\t\t\t\t<\/p>\n\t\t\t<\/td>\n\t\t\t<td valign=top class=\"tdr\">\n\t\t\t\t<p><span class=\"wpcf7-form-control-wrap\" data-name=\"imie\"><input size=\"40\" maxlength=\"400\" class=\"wpcf7-form-control wpcf7-text wpcf7-validates-as-required\" aria-required=\"true\" aria-invalid=\"false\" value=\"\" type=\"text\" name=\"imie\" \/><\/span><span class=\"red\">(*)<\/span>\n\t\t\t\t<\/p>\n\t\t\t<\/td>\n\t\t<\/tr>\n\t\t<tr>\n\t\t\t<td valign=top class=\"tdl\">\n\t\t\t\t<p>Drugie imi\u0119\n\t\t\t\t<\/p>\n\t\t\t<\/td>\n\t\t\t<td valign=top class=\"tdr\">\n\t\t\t\t<p><span class=\"wpcf7-form-control-wrap\" data-name=\"drugie_imie\"><input size=\"40\" maxlength=\"400\" class=\"wpcf7-form-control wpcf7-text\" aria-invalid=\"false\" value=\"\" type=\"text\" name=\"drugie_imie\" \/><\/span>\n\t\t\t\t<\/p>\n\t\t\t<\/td>\n\t\t<\/tr>\n\t\t<tr>\n\t\t\t<td colspan=\"2\" >\n\t\t\t\t<p><span class=\"naglowek\">&nbsp;<\/span>\n\t\t\t\t<\/p>\n\t\t\t<\/td>\n\t\t<\/tr>\n\t\t<tr>\n\t\t\t<td valign=top class=\"tdl\">\n\t\t\t\t<p>Data urodzenia<br \/>\n<i>DD.MM.RRRR<\/i>\n\t\t\t\t<\/p>\n\t\t\t<\/td>\n\t\t\t<td valign=top class=\"tdr\">\n\t\t\t\t<p><span class=\"wpcf7-form-control-wrap\" data-name=\"data_urodzenia\"><input class=\"wpcf7-form-control wpcf7-date wpcf7-validates-as-required wpcf7-validates-as-date\" min=\"2003-01-01\" max=\"2009-12-31\" aria-required=\"true\" aria-invalid=\"false\" value=\"2003-01-01\" type=\"date\" name=\"data_urodzenia\" \/><\/span><span class=\"red\">(*)<\/span>\n\t\t\t\t<\/p>\n\t\t\t<\/td>\n\t\t<\/tr>\n\t\t<tr>\n\t\t\t<td valign=top class=\"tdl\">\n\t\t\t\t<p>Pesel\n\t\t\t\t<\/p>\n\t\t\t<\/td>\n\t\t\t<td valign=top class=\"tdr\">\n\t\t\t\t<p><span class=\"wpcf7-form-control-wrap\" data-name=\"pesel\"><input size=\"40\" maxlength=\"11\" minlength=\"11\" class=\"wpcf7-form-control wpcf7-tel wpcf7-validates-as-required wpcf7-text wpcf7-validates-as-tel\" aria-required=\"true\" aria-invalid=\"false\" value=\"\" type=\"tel\" name=\"pesel\" \/><\/span><span class=\"red\">(*)<\/span>\n\t\t\t\t<\/p>\n\t\t\t<\/td>\n\t\t<\/tr>\n\t\t<tr>\n\t\t\t<td valign=top class=\"tdl\">\n\t\t\t\t<p>Obywatelstwo\n\t\t\t\t<\/p>\n\t\t\t<\/td>\n\t\t\t<td valign=top class=\"tdr\">\n\t\t\t\t<p><span class=\"wpcf7-form-control-wrap\" data-name=\"obywatelstwo\"><input size=\"40\" maxlength=\"400\" class=\"wpcf7-form-control wpcf7-text wpcf7-validates-as-required\" aria-required=\"true\" aria-invalid=\"false\" value=\"\" type=\"text\" name=\"obywatelstwo\" \/><\/span><span class=\"red\">(*)<\/span>\n\t\t\t\t<\/p>\n\t\t\t<\/td>\n\t\t<\/tr>\n\t\t<tr>\n\t\t\t<td colspan=\"2\" >\n\t\t\t\t<p><span class=\"naglowek\">&nbsp;<\/span>\n\t\t\t\t<\/p>\n\t\t\t<\/td>\n\t\t<\/tr>\n\t\t<tr>\n\t\t\t<td colspan=\"2\">\n\t\t\t\t<p><span class=\"naglowek\">ADRES ZAMIESZKANIA<\/span>\n\t\t\t\t<\/p>\n\t\t\t<\/td>\n\t\t<\/tr>\n\t\t<tr>\n\t\t\t<td valign=top class=\"tdl\">\n\t\t\t\t<p>Ulica\n\t\t\t\t<\/p>\n\t\t\t<\/td>\n\t\t\t<td valign=top class=\"tdr\">\n\t\t\t\t<p><span class=\"wpcf7-form-control-wrap\" data-name=\"zam_ulica\"><input size=\"40\" maxlength=\"400\" class=\"wpcf7-form-control wpcf7-text wpcf7-validates-as-required\" aria-required=\"true\" aria-invalid=\"false\" value=\"\" type=\"text\" name=\"zam_ulica\" \/><\/span><span class=\"red\">(*)<\/span>\n\t\t\t\t<\/p>\n\t\t\t<\/td>\n\t\t<\/tr>\n\t\t<tr>\n\t\t\t<td valign=top class=\"tdl\">\n\t\t\t\t<p>Nr domu\n\t\t\t\t<\/p>\n\t\t\t<\/td>\n\t\t\t<td valign=top class=\"tdr\">\n\t\t\t\t<p><span class=\"wpcf7-form-control-wrap\" data-name=\"zam_dom\"><input size=\"40\" maxlength=\"400\" class=\"wpcf7-form-control wpcf7-text wpcf7-validates-as-required\" aria-required=\"true\" aria-invalid=\"false\" value=\"\" type=\"text\" name=\"zam_dom\" \/><\/span><span class=\"red\">(*)<\/span>\n\t\t\t\t<\/p>\n\t\t\t<\/td>\n\t\t<\/tr>\n\t\t<tr>\n\t\t\t<td valign=top class=\"tdl\">\n\t\t\t\t<p>Nr mieszkania\n\t\t\t\t<\/p>\n\t\t\t<\/td>\n\t\t\t<td valign=top class=\"tdr\">\n\t\t\t\t<p><span class=\"wpcf7-form-control-wrap\" data-name=\"zam_mieszk\"><input size=\"40\" maxlength=\"400\" class=\"wpcf7-form-control wpcf7-text\" aria-invalid=\"false\" value=\"\" type=\"text\" name=\"zam_mieszk\" \/><\/span>\n\t\t\t\t<\/p>\n\t\t\t<\/td>\n\t\t<\/tr>\n\t\t<tr>\n\t\t\t<td valign=top class=\"tdl\">\n\t\t\t\t<p>Kod pocztowy\n\t\t\t\t<\/p>\n\t\t\t<\/td>\n\t\t\t<td valign=top class=\"tdr\">\n\t\t\t\t<p><span class=\"wpcf7-form-control-wrap\" data-name=\"zam_kod\"><input size=\"40\" maxlength=\"400\" class=\"wpcf7-form-control wpcf7-text wpcf7-validates-as-required\" aria-required=\"true\" aria-invalid=\"false\" value=\"\" type=\"text\" name=\"zam_kod\" \/><\/span><span class=\"red\">(*)<\/span>\n\t\t\t\t<\/p>\n\t\t\t<\/td>\n\t\t<\/tr>\n\t\t<tr>\n\t\t\t<td valign=top class=\"tdl\">\n\t\t\t\t<p>Miejscowo\u015b\u0107\n\t\t\t\t<\/p>\n\t\t\t<\/td>\n\t\t\t<td valign=top class=\"tdr\">\n\t\t\t\t<p><span class=\"wpcf7-form-control-wrap\" data-name=\"zam_miejscowosc\"><input size=\"40\" maxlength=\"400\" class=\"wpcf7-form-control wpcf7-text wpcf7-validates-as-required\" aria-required=\"true\" aria-invalid=\"false\" value=\"\" type=\"text\" name=\"zam_miejscowosc\" \/><\/span><span class=\"red\">(*)<\/span>\n\t\t\t\t<\/p>\n\t\t\t<\/td>\n\t\t<\/tr>\n\t\t<tr>\n\t\t\t<td valign=top class=\"tdl\">\n\t\t\t\t<p>Gmina\n\t\t\t\t<\/p>\n\t\t\t<\/td>\n\t\t\t<td valign=top class=\"tdr\">\n\t\t\t\t<p><span class=\"wpcf7-form-control-wrap\" data-name=\"zam_dzielnica\"><input size=\"40\" maxlength=\"400\" class=\"wpcf7-form-control wpcf7-text\" aria-invalid=\"false\" value=\"\" type=\"text\" name=\"zam_dzielnica\" \/><\/span>\n\t\t\t\t<\/p>\n\t\t\t<\/td>\n\t\t<\/tr>\n\t\t<tr>\n\t\t\t<td valign=top class=\"tdl\">\n\t\t\t\t<p>Powiat\n\t\t\t\t<\/p>\n\t\t\t<\/td>\n\t\t\t<td valign=top class=\"tdr\">\n\t\t\t\t<p><span class=\"wpcf7-form-control-wrap\" data-name=\"zam_powiat\"><input size=\"40\" maxlength=\"400\" class=\"wpcf7-form-control wpcf7-text\" aria-invalid=\"false\" value=\"\" type=\"text\" name=\"zam_powiat\" \/><\/span>\n\t\t\t\t<\/p>\n\t\t\t<\/td>\n\t\t<\/tr>\n\t\t<tr>\n\t\t\t<td valign=top class=\"tdl\">\n\t\t\t\t<p>Wojew\u00f3dztwo\n\t\t\t\t<\/p>\n\t\t\t<\/td>\n\t\t\t<td valign=top class=\"tdr\">\n\t\t\t\t<p><span class=\"wpcf7-form-control-wrap\" data-name=\"wojewodztwo\"><select class=\"wpcf7-form-control wpcf7-select wpcf7-validates-as-required\" aria-required=\"true\" aria-invalid=\"false\" name=\"wojewodztwo\"><option value=\"\">Prosz\u0119 wybra\u0107 z listy...<\/option><option value=\"dolno\u015bl\u0105skie\">dolno\u015bl\u0105skie<\/option><option value=\"kujawsko-pomorskie\">kujawsko-pomorskie<\/option><option value=\"lubelskie\">lubelskie<\/option><option value=\"lubuskie\">lubuskie<\/option><option value=\"\u0142\u00f3dzkie\">\u0142\u00f3dzkie<\/option><option value=\"ma\u0142opolskie\">ma\u0142opolskie<\/option><option value=\"mazowieckie\">mazowieckie<\/option><option value=\"opolskie\">opolskie<\/option><option value=\"podkarpackie\">podkarpackie<\/option><option value=\"podlaskie\">podlaskie<\/option><option value=\"pomorskie\">pomorskie<\/option><option value=\"\u015bl\u0105skie\">\u015bl\u0105skie<\/option><option value=\"\u015bwi\u0119tokrzyskie\">\u015bwi\u0119tokrzyskie<\/option><option value=\"warmi\u0144sko-mazurskie\">warmi\u0144sko-mazurskie<\/option><option value=\"wielkopolskie\">wielkopolskie<\/option><option value=\"zachodniopomorskie\">zachodniopomorskie<\/option><\/select><\/span><span class=\"red\">(*)<\/span>\n\t\t\t\t<\/p>\n\t\t\t<\/td>\n\t\t<\/tr>\n\t\t<tr>\n\t\t\t<td colspan=\"2\">\n\t\t\t\t<p><span class=\"naglowek\">&nbsp;<\/span>\n\t\t\t\t<\/p>\n\t\t\t<\/td>\n\t\t<\/tr>\n\t\t<tr>\n\t\t\t<td colspan=\"2\">\n\t\t\t\t<p><span class=\"naglowek\">DANE KONTAKTOWE<\/span>\n\t\t\t\t<\/p>\n\t\t\t<\/td>\n\t\t<\/tr>\n\t\t<tr>\n\t\t\t<td valign=top class=\"tdl\">\n\t\t\t\t<p>Imi\u0119 matki\n\t\t\t\t<\/p>\n\t\t\t<\/td>\n\t\t\t<td valign=top class=\"tdr\">\n\t\t\t\t<p><span class=\"wpcf7-form-control-wrap\" data-name=\"imie_m\"><input size=\"40\" maxlength=\"400\" class=\"wpcf7-form-control wpcf7-text wpcf7-validates-as-required\" aria-required=\"true\" aria-invalid=\"false\" value=\"\" type=\"text\" name=\"imie_m\" \/><\/span><span class=\"red\">(*)<\/span>\n\t\t\t\t<\/p>\n\t\t\t<\/td>\n\t\t<\/tr>\n\t\t<tr>\n\t\t\t<td valign=top class=\"tdl\">\n\t\t\t\t<p>Imi\u0119 ojca\n\t\t\t\t<\/p>\n\t\t\t<\/td>\n\t\t\t<td valign=top class=\"tdr\">\n\t\t\t\t<p><span class=\"wpcf7-form-control-wrap\" data-name=\"imie_o\"><input size=\"40\" maxlength=\"400\" class=\"wpcf7-form-control wpcf7-text wpcf7-validates-as-required\" aria-required=\"true\" aria-invalid=\"false\" value=\"\" type=\"text\" name=\"imie_o\" \/><\/span><span class=\"red\">(*)<\/span>\n\t\t\t\t<\/p>\n\t\t\t<\/td>\n\t\t<\/tr>\n\t\t<tr>\n\t\t\t<td valign=top class=\"tdl\">\n\t\t\t\t<p>Telefon kandydata\n\t\t\t\t<\/p>\n\t\t\t<\/td>\n\t\t\t<td valign=top class=\"tdr\">\n\t\t\t\t<p><span class=\"wpcf7-form-control-wrap\" data-name=\"tel_kandydata\"><input size=\"40\" maxlength=\"400\" class=\"wpcf7-form-control wpcf7-text\" aria-invalid=\"false\" value=\"\" type=\"text\" name=\"tel_kandydata\" \/><\/span>\n\t\t\t\t<\/p>\n\t\t\t<\/td>\n\t\t<\/tr>\n\t\t<tr>\n\t\t\t<td valign=top class=\"tdl\">\n\t\t\t\t<p>Email kandydata\n\t\t\t\t<\/p>\n\t\t\t<\/td>\n\t\t\t<td valign=top class=\"tdr\">\n\t\t\t\t<p><span class=\"wpcf7-form-control-wrap\" data-name=\"email_kandydata\"><input size=\"40\" maxlength=\"400\" class=\"wpcf7-form-control wpcf7-text wpcf7-validates-as-required\" aria-required=\"true\" aria-invalid=\"false\" value=\"\" type=\"text\" name=\"email_kandydata\" \/><\/span><span class=\"red\">(*)<\/span><br \/>\n<span class=\"blue12\">Tu wy\u015blemy potwierdzenie rejestracji kandydata<\/span>\n\t\t\t\t<\/p>\n\t\t\t<\/td>\n\t\t<\/tr>\n\t\t<tr>\n\t\t\t<td colspan=\"2\">\n\t\t\t\t<p><span class=\"naglowek\">&nbsp;<\/span>\n\t\t\t\t<\/p>\n\t\t\t<\/td>\n\t\t<\/tr>\n\t\t<tr>\n\t\t\t<td colspan=\"2\">\n\t\t\t\t<p><span class=\"naglowek\">Informacje o dotychczasowym wykszta\u0142ceniu muzycznym kandydata<\/span>\n\t\t\t\t<\/p>\n\t\t\t<\/td>\n\t\t<\/tr>\n\t\t<tr>\n\t\t\t<td colspan=\"2\">\n\t\t\t\t<p><span class=\"naglowek\">Specjalno\u015b\u0107 (instrument):<\/span>\n\t\t\t\t<\/p>\n\t\t\t<\/td>\n\t\t<\/tr>\n\t\t<tr>\n\t\t\t<td valign=top class=\"tdl\">\n\t\t\t\t<p>&nbsp;\n\t\t\t\t<\/p>\n\t\t\t<\/td>\n\t\t\t<td valign=top class=\"tdb\">\n\t\t\t\t<p><span class=\"wpcf7-form-control-wrap\" data-name=\"dotychczasowa_spec\"><input size=\"40\" maxlength=\"400\" class=\"wpcf7-form-control wpcf7-text\" aria-invalid=\"false\" value=\"\" type=\"text\" name=\"dotychczasowa_spec\" \/><\/span>\n\t\t\t\t<\/p>\n\t\t\t<\/td>\n\t\t<\/tr>\n\t\t<tr>\n\t\t\t<td valign=top class=\"tdl\">\n\t\t\t\t<p>Prosz\u0119 opisa\u0107 swoje wykszta\u0142cenie muzyczne\n\t\t\t\t<\/p>\n\t\t\t<\/td>\n\t\t\t<td valign=top class=\"tdr\">\n\t\t\t\t<p><span class=\"wpcf7-form-control-wrap\" data-name=\"wyksztalcenie\"><textarea cols=\"30\" rows=\"3\" maxlength=\"1200\" class=\"wpcf7-form-control wpcf7-textarea\" aria-invalid=\"false\" name=\"wyksztalcenie\"><\/textarea><\/span>\n\t\t\t\t<\/p>\n\t\t\t<\/td>\n\t\t<\/tr>\n\t\t<tr>\n\t\t\t<td colspan=\"2\"align=\"left\">\n\t\t\t\t<p><span class=\"naglowek\">Informacja o dotychczasowych osi\u0105gni\u0119ciach artystycznych kandydata<\/span>\n\t\t\t\t<\/p>\n\t\t\t<\/td>\n\t\t<\/tr>\n\t\t<tr>\n\t\t\t<td colspan=\"2\"valign=top class=\"tdb\">\n\t\t\t\t<p><span class=\"wpcf7-form-control-wrap\" data-name=\"zyciorys\"><textarea cols=\"40\" rows=\"10\" maxlength=\"2000\" class=\"wpcf7-form-control wpcf7-textarea\" aria-invalid=\"false\" name=\"zyciorys\"><\/textarea><\/span>\n\t\t\t\t<\/p>\n\t\t\t<\/td>\n\t\t<\/tr>\n\t\t<tr>\n\t\t\t<td colspan=\"2\">\n\t\t\t\t<p><span class=\"naglowek\"><br \/>\nWszyscy kandydaci przyst\u0119puj\u0105cy do egzamin\u00f3w wst\u0119pnych zobowi\u0105zani s\u0105:<\/span>\n\t\t\t\t<\/p>\n\t\t\t\t<ul>\n\t\t\t\t\t<li>\n\t\t\t\t\t\t<p>Wype\u0142ni\u0107 i przes\u0142a\u0107 niniejszy formularz elektroniczny.\n\t\t\t\t\t\t<\/p>\n\t\t\t\t\t<\/li>\n\t\t\t\t\t<li>\n\t\t\t\t\t\t<p>Wydrukowa\u0107 i wype\u0142ni\u0107 formularz rekrutacyjny, kt\u00f3ry w pliku pdf przes\u0142any zostanie automatycznie na adres email podany w tym zg\u0142oszeniu w polu <i>Email kandydata<\/i><br \/>\nW razie potrzeby czysty druk w pliku pdf dost\u0119pny jest na stronie <a class=\"spis\" href=\"https:\/\/www.gov.pl\/web\/zpsmwarszawa\/rekrutacja-20262027\"  target=\"_blank\">https:\/\/www.gov.pl\/web\/zpsmwarszawa\/rekrutacja-20262027<\/a>.\n\t\t\t\t\t\t<\/p>\n\t\t\t\t\t<\/li>\n\t\t\t\t\t<li>\n\t\t\t\t\t\t<p>Dostarczy\u0107 do sekretariatu Szko\u0142y (ul. Bednarska 11) wszystkie wymagane dokumenty oraz zdj\u0119cia - do 15 maja 2026 r.<br \/>\nDokumenty powinny by\u0107 z\u0142o\u017cone w bia\u0142ej teczce z gumk\u0105, z adnotacj\u0105 zawieraj\u0105c\u0105: imi\u0119 i nazwisko kandydata i specjalno\u015b\u0107, na kt\u00f3r\u0105 kandydat zadaje.\n\t\t\t\t\t\t<\/p>\n\t\t\t\t\t<\/li>\n\t\t\t\t\t<li>\n\t\t\t\t\t\t<p>Stawi\u0107 si\u0119 na egzamin z dowodem to\u017csamo\u015bci (np. legitymacja szkolna, dow\u00f3d osobisty).\n\t\t\t\t\t\t<\/p>\n\t\t\t\t\t<\/li>\n\t\t\t\t<\/ul>\n\t\t\t\t<p><span class=\"red\">KANDYDACI, KT\u00d3RZY NIE Z\u0141O\u017b\u0104 KOMPLETU DOKUMENT\u00d3W, NIE B\u0118D\u0104 MOGLI PRZYST\u0104PI\u0106 DO EGZAMINU!!!<\/span>\n\t\t\t\t<\/p>\n\t\t\t<\/td>\n\t\t<\/tr>\n\t\t<tr>\n\t\t\t<td colspan=\"2\">\n\t\t\t<hr \/>\n\t\t\t\t<p><span class=\"blue12\"><i>Administratorem danych osobowych zawartych w niniejszym formularzu rekrutacyjnym jest Zesp\u00f3\u0142 Pa\u0144stwowych Szk\u00f3\u0142 Muzycznych im. F. Chopina, ul. Bednarska 11, 00-310 Warszawa. Wy\u017cej wymienione dane osobowe przetwarzane b\u0119d\u0105 wy\u0142\u0105cznie do cel\u00f3w zwi\u0105zanych z rekrutacj\u0105 i nie b\u0119d\u0105 udost\u0119pniane innym podmiotom ni\u017c ZPSM im. F. Chopina w Warszawie.<br \/>\nWszelkie niezb\u0119dne informacje dotycz\u0105ce przetwarzania danych osobowych znajduj\u0105 si\u0119 na naszej stronie internetowej https:\/\/www.gov.pl\/web\/zpsmwarszawa\/ochrona-danych-osobowych oraz w siedzibie Szko\u0142y.<\/i><\/span>\n\t\t\t\t<\/p>\n\t\t\t<\/td>\n\t\t<\/tr>\n\t\t<tr>\n\t\t\t<td align=\"center\" colspan=\"2\">\n\t\t\t\t<p><b><input type=\"submit\" name=\"submit\" id=\"submit\" value=\"wy\u015blij\" \/>&nbsp;&nbsp; &nbsp; &nbsp;<input type=reset value=\"skasuj wpisane dane\" \/><br \/>\n<\/b><br \/>\n<span class=\"red\">Prosz\u0119 klikn\u0105\u0107 WY\u015aLIJ tylko raz i poczeka\u0107 kilka sekund na wy\u015bwietlenie ekranu potwierdzenia.<\/span>\n\t\t\t\t<\/p>\n\t\t\t<\/td>\n\t\t<\/tr>\n\t\t<tr>\n\t\t\t<td colspan=\"2\">\n\t\t\t\t<p>&nbsp; &nbsp; &nbsp;<span class=\"red\">(*) - pole wymagane<\/span>\n\t\t\t\t<input class=\"wpcf7-form-control wpcf7-hidden\" value=\"\" type=\"hidden\" name=\"date-time-field\" \/>\n\t\t\t\t<\/p>\n\t\t\t<\/td>\n\t\t<\/tr>\n\t<\/table>\n<\/div><div class=\"wpcf7-response-output\" aria-hidden=\"true\"><\/div>\n<\/form>\n<\/div>\n\n<\/div>\n<\/div><\/div><\/div><\/div><\/div>","protected":false},"excerpt":{"rendered":"<p>Zesp\u00f3\u0142 Pa\u0144stwowych Szk\u00f3\u0142 Muzycznych im. Fryderyka Chopina w Warszawie Policealna Szko\u0142a Muzyczna ul. Bednarska 11, 00-310 Warszawa WNIOSEK O PRZYJ\u0118CIE DO SZKO\u0141Y &#8211; REKRUTACJA 2026\/27 Po wype\u0142nieniu formularza prosz\u0119 nacisn\u0105\u0107 na samym dole strony przycisk &#8222;wy\u015blij&#8221;. UWAGA!!! Wype\u0142nienie p\u00f3l oznaczonych znakiem (*) jest wymagane! SPECJALNO\u015a\u0106: FORTEPIANMISTRZOSTWO(*) SPECJALIZACJA: STROJENIE I KOREKTA FORTEPIAN\u00d3W(*) &nbsp; Nazwisko (*) Imi\u0119 &#8230; <a title=\"Rekrutacja 2026-27 &#8211; Policealna Szko\u0142a Muzyczna &#8211; strojenie i korekta fortepian\u00f3w\" class=\"read-more\" href=\"https:\/\/bednarska.art.pl\/zpsm\/rekrutacja-2026-27-policealna-szkola-muzyczna-strojenie-i-korekta-fortepianow\/\" aria-label=\"Dowiedz si\u0119 wi\u0119cej o Rekrutacja 2026-27 &#8211; Policealna Szko\u0142a Muzyczna &#8211; strojenie i korekta fortepian\u00f3w\">Dowiedz si\u0119 wi\u0119cej<\/a><\/p>\n","protected":false},"author":1,"featured_media":0,"parent":0,"menu_order":0,"comment_status":"closed","ping_status":"closed","template":"","meta":{"footnotes":""},"class_list":["post-112","page","type-page","status-publish"],"_links":{"self":[{"href":"https:\/\/bednarska.art.pl\/zpsm\/wp-json\/wp\/v2\/pages\/112","targetHints":{"allow":["GET"]}}],"collection":[{"href":"https:\/\/bednarska.art.pl\/zpsm\/wp-json\/wp\/v2\/pages"}],"about":[{"href":"https:\/\/bednarska.art.pl\/zpsm\/wp-json\/wp\/v2\/types\/page"}],"author":[{"embeddable":true,"href":"https:\/\/bednarska.art.pl\/zpsm\/wp-json\/wp\/v2\/users\/1"}],"replies":[{"embeddable":true,"href":"https:\/\/bednarska.art.pl\/zpsm\/wp-json\/wp\/v2\/comments?post=112"}],"version-history":[{"count":1,"href":"https:\/\/bednarska.art.pl\/zpsm\/wp-json\/wp\/v2\/pages\/112\/revisions"}],"predecessor-version":[{"id":113,"href":"https:\/\/bednarska.art.pl\/zpsm\/wp-json\/wp\/v2\/pages\/112\/revisions\/113"}],"wp:attachment":[{"href":"https:\/\/bednarska.art.pl\/zpsm\/wp-json\/wp\/v2\/media?parent=112"}],"curies":[{"name":"wp","href":"https:\/\/api.w.org\/{rel}","templated":true}]}}