{"id":572,"date":"2026-02-12T17:10:06","date_gmt":"2026-02-12T16:10:06","guid":{"rendered":"https:\/\/bednarska.art.pl\/konkurs_zespolow_jazz\/?page_id=572"},"modified":"2026-02-12T17:10:33","modified_gmt":"2026-02-12T16:10:33","slug":"dziekujemy-za-zgloszenie","status":"publish","type":"page","link":"https:\/\/bednarska.art.pl\/konkurs_zespolow_jazz\/dziekujemy-za-zgloszenie\/","title":{"rendered":"Dzi\u0119kujemy za zg\u0142oszenie"},"content":{"rendered":"<p>W ci\u0105gu maksymalnie 7 dni roboczych od momentu przes\u0142ania zg\u0142oszenia na podany w nim adres \u201ee-mail do kontaktu\u201d zostanie przes\u0142ane potwierdzenie przyj\u0119cia zg\u0142oszenia wraz z wygenerowanym formularzem zg\u0142oszenia.<br \/>\n<strong>Wydrukowany i podpisany formularz przedstawiciel ka\u017cdego z zespo\u0142\u00f3w zakwalifikowanych do 2\u00a0etapu konkursu obowi\u0105zany jest przekaza\u0107 do biura konkursu w dniu rozpocz\u0119cia przes\u0142ucha\u0144 2\u00a0etapu (27.04.2026).<\/strong><\/p>\n<p>W przypadku braku otrzymania potwierdzenia zg\u0142oszenia w terminie wskazanym powy\u017cej, prosimy o kontakt z biurem organizacyjnym Konkursu:<\/p>\n<p>tel. kom. 517 794 761<br \/>\ne-mail: koncerty@bednarska.art.pl<br \/>\nEwelina Kliczkowska \u2013 koordynator<br \/>\nAgnieszka Wachnik &#8211; koordynator<\/p>\n<hr \/>\n","protected":false},"excerpt":{"rendered":"<p>W ci\u0105gu maksymalnie 7 dni roboczych od momentu przes\u0142ania zg\u0142oszenia na podany w nim adres \u201ee-mail do kontaktu\u201d zostanie przes\u0142ane potwierdzenie przyj\u0119cia zg\u0142oszenia wraz z wygenerowanym formularzem zg\u0142oszenia. Wydrukowany i podpisany formularz przedstawiciel ka\u017cdego z zespo\u0142\u00f3w zakwalifikowanych do 2\u00a0etapu konkursu obowi\u0105zany jest przekaza\u0107 do biura konkursu w dniu rozpocz\u0119cia przes\u0142ucha\u0144 2\u00a0etapu (27.04.2026). W przypadku braku &hellip; <\/p>\n<p class=\"link-more\"><a href=\"https:\/\/bednarska.art.pl\/konkurs_zespolow_jazz\/dziekujemy-za-zgloszenie\/\" class=\"more-link\">Czytaj dalej<span class=\"screen-reader-text\"> \u201eDzi\u0119kujemy za zg\u0142oszenie\u201d<\/span><\/a><\/p>\n","protected":false},"author":1,"featured_media":0,"parent":0,"menu_order":0,"comment_status":"closed","ping_status":"closed","template":"","meta":{"footnotes":""},"class_list":["post-572","page","type-page","status-publish","hentry"],"_links":{"self":[{"href":"https:\/\/bednarska.art.pl\/konkurs_zespolow_jazz\/wp-json\/wp\/v2\/pages\/572","targetHints":{"allow":["GET"]}}],"collection":[{"href":"https:\/\/bednarska.art.pl\/konkurs_zespolow_jazz\/wp-json\/wp\/v2\/pages"}],"about":[{"href":"https:\/\/bednarska.art.pl\/konkurs_zespolow_jazz\/wp-json\/wp\/v2\/types\/page"}],"author":[{"embeddable":true,"href":"https:\/\/bednarska.art.pl\/konkurs_zespolow_jazz\/wp-json\/wp\/v2\/users\/1"}],"replies":[{"embeddable":true,"href":"https:\/\/bednarska.art.pl\/konkurs_zespolow_jazz\/wp-json\/wp\/v2\/comments?post=572"}],"version-history":[{"count":2,"href":"https:\/\/bednarska.art.pl\/konkurs_zespolow_jazz\/wp-json\/wp\/v2\/pages\/572\/revisions"}],"predecessor-version":[{"id":574,"href":"https:\/\/bednarska.art.pl\/konkurs_zespolow_jazz\/wp-json\/wp\/v2\/pages\/572\/revisions\/574"}],"wp:attachment":[{"href":"https:\/\/bednarska.art.pl\/konkurs_zespolow_jazz\/wp-json\/wp\/v2\/media?parent=572"}],"curies":[{"name":"wp","href":"https:\/\/api.w.org\/{rel}","templated":true}]}}