{"id":370,"date":"2021-03-30T21:12:13","date_gmt":"2021-03-30T19:12:13","guid":{"rendered":"https:\/\/bednarska.art.pl\/konkurs_zespolow_jazz\/?page_id=370"},"modified":"2026-02-09T15:36:53","modified_gmt":"2026-02-09T14:36:53","slug":"deklaracja-dostepnosci","status":"publish","type":"page","link":"https:\/\/bednarska.art.pl\/konkurs_zespolow_jazz\/deklaracja-dostepnosci\/","title":{"rendered":"Deklaracja dost\u0119pno\u015bci"},"content":{"rendered":"\r\n<h1 class=\"wp-block-heading\">Deklaracja dost\u0119pno\u015bci<\/h1>\r\n\r\n\r\n\r\n<p><span id=\"\u201ea11y-podmiot\">Zesp\u00f3\u0142 Pa\u0144stwowych Szk\u00f3\u0142 Muzycznych im. Fryderyka Chopina w Warszawie<\/span> zobowi\u0105zuje si\u0119 zapewni\u0107 dost\u0119pno\u015b\u0107 swojej strony internetowej zgodnie z przepisami ustawy z dnia 4 kwietnia 2019 r. o dost\u0119pno\u015bci cyfrowej stron internetowych i aplikacji mobilnych podmiot\u00f3w publicznych. O\u015bwiadczenie w sprawie dost\u0119pno\u015bci ma zastosowanie do strony internetowej <a id=\"a11y-url&quot;\" href=\"https:\/\/bednarska.art.pl\/konkurs_zespolow_jazz\/\">Konkurs Zespo\u0142\u00f3w Jazzowych<\/a> &#8211; konkurs wsp\u00f3\u0142organizowany przez ZPSM im. F. Chopina w Warszawie<\/p>\r\n\r\n\r\n\r\n<p>Data publikacji strony internetowej: <span id=\"a11y-data-publikacja\">2015-09-01<\/span><\/p>\r\n\r\n\r\n\r\n<p>Data ostatniej istotnej aktualizacji: <span id=\"a11y-data-aktualizacja\">2026-02-09<\/span><\/p>\r\n\r\n\r\n\r\n<p>Strona internetowa jest cz\u0119\u015bciowo zgodna z ustaw\u0105 z dnia 4 kwietnia 2019 r. o dost\u0119pno\u015bci cyfrowej stron internetowych i aplikacji mobilnych podmiot\u00f3w publicznych z powodu niezgodno\u015bci lub wy\u0142\u0105cze\u0144 wymienionych poni\u017cej:<\/p>\r\n\r\n\r\n\r\n<ul class=\"wp-block-list\">\r\n<li>cz\u0119\u015b\u0107 plik\u00f3w nie jest dost\u0119pna cyfrowo, trwa doskonalenie pracownik\u00f3w oraz wdra\u017canie rozwi\u0105za\u0144 technologicznych, kt\u00f3re umo\u017cliwi\u0105 uzyskanie pe\u0142nej dost\u0119pno\u015bci cyfrowej strony;<\/li>\r\n\r\n\r\n\r\n<li>serwis zawiera dokumenty PDF, w kt\u00f3rych nie ma dobrze zaznaczonej logicznej struktury lub s\u0105 skanami dokument\u00f3w. Pracujemy nad aktualizacj\u0105 tych plik\u00f3w aby mog\u0142y spe\u0142nia\u0107 wymogi dost\u0119pno\u015bci cyfrowej;<\/li>\r\n\r\n\r\n\r\n<li><b>dokumenty archiwalne opublikowane na stronie przed 23 wrze\u015bnia 2018 r. nie s\u0105 dost\u0119pne.<\/b> Nie mamy prawnego obowi\u0105zku dostosowywania tych dokument\u00f3w. Je\u017celi potrzebujesz dost\u0119pu do nich skontaktuj si\u0119 z nami i wska\u017c dok\u0142adnie, o kt\u00f3re z nich Ci chodzi i jak powinni\u015bmy je dostosowa\u0107.<\/li>\r\n<\/ul>\r\n\r\n\r\n\r\n<p>Dok\u0142adamy tak\u017ce stara\u0144, aby obecnie publikowane dokumenty spe\u0142nia\u0142y wymagania dost\u0119pno\u015bci cyfrowej.<\/p>\r\n\r\n\r\n\r\n<p>O\u015bwiadczenie sporz\u0105dzono dnia <span id=\"a11y-data-sporzadzenie\">2026-02-09<\/span><\/p>\r\n\r\n\r\n\r\n<p>Deklaracj\u0119 sporz\u0105dzono na podstawie samooceny przeprowadzonej przez podmiot publiczny.<\/p>\r\n\r\n\r\n\r\n<p>Na stronie internetowej cz\u0119\u015bciowo mo\u017cna korzysta\u0107 ze standardowych skr\u00f3t\u00f3w klawiaturowych.<\/p>\r\n\r\n\r\n\r\n<h2 class=\"wp-block-heading\" id=\"\u201ea11y-kontakt\">Informacje zwrotne i dane kontaktowe<\/h2>\r\n\r\n\r\n\r\n<p>W przypadku problem\u00f3w z dost\u0119pno\u015bci\u0105 strony internetowej dla os\u00f3b niepe\u0142nosprawnych prosimy o kontakt.<br \/>Osob\u0105 odpowiedzialn\u0105 jest <span id=\"a11y-osoba\">Adam Cegielski<\/span>, adres poczty elektronicznej <a href=\"mailto:a.cegielski@bednarska.art.pl\">a.cegielski@bednarska.art.pl<\/a>.<\/p>\r\n\r\n\r\n\r\n<p>Mo\u017cna kontaktowa\u0107 si\u0119 tak\u017ce, dzwoni\u0105c na numer telefonu <span id=\"a11y-telefon\">+48 22 5234321<\/span><\/p>\r\n\r\n\r\n\r\n<p>Wnioski o udost\u0119pnienie informacji niedost\u0119pnej oraz skargi na brak zapewnienia dost\u0119pno\u015bci nale\u017cy sk\u0142ada\u0107 na adres poczty elektronicznej <a href=\"mailto:sekretariat@bednarska.art.pl\">sekretariat@bednarska.art.pl<\/a>, lub dzwoni\u0105c pod numer telefonu +48 22 826 63 14.<\/p>\r\n\r\n\r\n\r\n<h3 class=\"wp-block-heading\" id=\"a11y-procedura\">Informacje na temat procedury<\/h3>\r\n\r\n\r\n\r\n<p>Ka\u017cdy ma prawo do wyst\u0105pienia z \u017c\u0105daniem zapewnienia dost\u0119pno\u015bci cyfrowej strony internetowej. Mo\u017cna tak\u017ce za\u017c\u0105da\u0107 udost\u0119pnienia informacji w formach alternatywnych, na przyk\u0142ad odczytanie niedost\u0119pnego cyfrowo dokumentu, opisania zawarto\u015bci filmu bez audiodeskrypcji itp. \u017b\u0105danie powinno zawiera\u0107 dane osoby zg\u0142aszaj\u0105cej \u017c\u0105danie, wskazanie, o kt\u00f3r\u0105 stron\u0119 internetow\u0105 lub aplikacj\u0119 mobiln\u0105 chodzi oraz spos\u00f3b kontaktu. Je\u017celi osoba \u017c\u0105daj\u0105ca zg\u0142asza potrzeb\u0119 otrzymania informacji w formie alternatywnej, powinna tak\u017ce okre\u015bli\u0107 form\u0119 tej informacji.<\/p>\r\n\r\n\r\n\r\n<h3 class=\"wp-block-heading\">Obs\u0142uga wniosk\u00f3w i skarg zwi\u0105zanych z dost\u0119pno\u015bci\u0105<\/h3>\r\n\r\n\r\n\r\n<p>Na Twoje zg\u0142oszenie odpowiemy najszybciej jak to mo\u017cliwe, nie p\u00f3\u017aniej ni\u017c w ci\u0105gu 7 dni od jego otrzymania.<br \/>Je\u017celi ten termin b\u0119dzie dla nas zbyt kr\u00f3tki poinformujemy Ci\u0119 o tym. W tej informacji podamy nowy termin, do kt\u00f3rego poprawimy zg\u0142oszone przez Ciebie b\u0142\u0119dy lub przygotujemy informacje w alternatywny spos\u00f3b. Nowy termin nie b\u0119dzie d\u0142u\u017cszy ni\u017c 2 miesi\u0105ce.<br \/>Je\u017celi nie b\u0119dziemy w stanie zapewni\u0107 dost\u0119pno\u015bci cyfrowej strony internetowej lub tre\u015bci, z Twojego zg\u0142oszeniu, zaproponujemy Ci dost\u0119p do nich w alternatywny spos\u00f3b.<\/p>\r\n\r\n\r\n\r\n<p>Je\u017celi nasze dzia\u0142ania nie b\u0119d\u0105 dla Ciebie zadowalaj\u0105ce, mo\u017cesz zg\u0142osi\u0107 skarg\u0119 do <a href=\"https:\/\/cea-art.pl\/\">Centrum Edukacji Artystycznej<\/a> sprawuj\u0105cego nadz\u00f3r pedagogiczny nad szko\u0142ami i plac\u00f3wkami artystycznymi w Polsce.<br \/>Po wyczerpaniu wszystkich mo\u017cliwo\u015bci skarg\u0119 mo\u017cna przes\u0142a\u0107 tak\u017ce do <a href=\"https:\/\/www.rpo.gov.pl\/content\/jak-zglosic-sie-do-rzecznika-praw-obywatelskich\">Rzecznika Praw Obywatelskich<\/a>.<\/p>\r\n\r\n\r\n\r\n<h3 class=\"wp-block-heading\">Obs\u0142uga os\u00f3b niepe\u0142nosprawnych<\/h3>\r\n\r\n\r\n\r\n<p><b>Informacja dla os\u00f3b nies\u0142ysz\u0105cych i s\u0142abos\u0142ysz\u0105cych<\/b><\/p>\r\n\r\n\r\n\r\n<p>W zwi\u0105zku z ustaw\u0105 z dnia 19 sierpnia 2011 r. o j\u0119zyku migowym i innych \u015brodkach komunikowania si\u0119 (tj. Dz. U. 2017 poz. 1824) Zesp\u00f3\u0142 Pa\u0144stwowych Szk\u00f3\u0142 Muzycznych im. Fryderyka Chopina w Warszawie informuje, \u017ce osoby uprawnione, tj. do\u015bwiadczaj\u0105ce trwale lub okresowo trudno\u015bci w komunikowaniu si\u0119, kt\u00f3re zainteresowane s\u0105 za\u0142atwieniem sprawy urz\u0119dowej w plac\u00f3wce, mog\u0105 skorzysta\u0107 z przys\u0142uguj\u0105cego im uprawnienia wyboru \u015brodka wspieraj\u0105cego komunikowanie si\u0119, tj.:<\/p>\r\n\r\n\r\n\r\n<ul class=\"wp-block-list\">\r\n<li>korzystania z poczty elektronicznej &#8211; <a href=\"mailto:sekretariat@bednarska.art.pl\">sekretariat@bednarska.art.pl<\/a><\/li>\r\n\r\n\r\n\r\n<li>kontaktu telefonicznego pod numerem telefonu +48 22 826 63 14<\/li>\r\n<\/ul>\r\n\r\n\r\n\r\n<p>Zgodnie z art. 12 cytowanej na wst\u0119pie ustawy osoba uprawniona, jest zobowi\u0105zana zg\u0142osi\u0107 ch\u0119\u0107 skorzystania ze \u015bwiadczenia ze wskazaniem wybranej metody komunikowania si\u0119, co najmniej 3 dni robocze przed tym zdarzeniem, z wy\u0142\u0105czeniem sytuacji nag\u0142ych.<\/p>\r\n\r\n\r\n\r\n<p>Zg\u0142oszenie nale\u017cy przes\u0142a\u0107 na adres poczty elektronicznej <a href=\"mailto:sekretariat@bednarska.art.pl\">sekretariat@bednarska.art.pl<\/a>, w formie papierowej na adres Szko\u0142y lub telefonicznie (22 826 63 14).<\/p>\r\n\r\n\r\n\r\n<p>Osoby niepe\u0142nosprawne w rozumieniu ustawy z dnia 27 sierpnia 1997 r. o rehabilitacji zawodowej i spo\u0142ecznej oraz zatrudnieniu os\u00f3b niepe\u0142nosprawnych (tj. Dz.U. 2020 poz. 426) przybywaj\u0105ce do Szko\u0142y w celu za\u0142atwienia spraw przyjmowane s\u0105 poza kolejno\u015bci\u0105.<\/p>\r\n\r\n\r\n\r\n<h2 class=\"wp-block-heading\" id=\"a11y-architektura\">Dost\u0119pno\u015b\u0107 architektoniczna<\/h2>\r\n\r\n\r\n\r\n<h3 class=\"wp-block-heading\">Zesp\u00f3\u0142 Pa\u0144stwowych Szk\u00f3\u0142 Muzycznych im. Fryderyka Chopina<br \/>Koncertowe Centrum Edukacji Muzycznej<br \/>ul. Po\u0142czy\u0144ska 56, 01-337 Warszawa<\/h3>\r\n\r\n\r\n\r\n<p>Wjazd i wej\u015bcie na teren Szko\u0142y znajduje si\u0119 od strony ul. Legionowej, jest dost\u0119pne tak\u017ce wej\u015bcie (furtka) od strony ulicy Po\u0142czy\u0144skiej.<br \/>Na terenie obiektu dost\u0119pne s\u0105 miejsca parkingowe dla niepe\u0142nosprawnych.<br \/>Obiekt sk\u0142ada si\u0119 z budynk\u00f3w A, B oraz C (sali koncertowej).<\/p>\r\n<p><strong>Do budynku A<\/strong> prowadzi wej\u015bcie od strony ulicy Po\u0142czy\u0144skiej. Brak jest schod\u00f3w, osoba na w\u00f3zku mo\u017ce wjecha\u0107 bez dodatkowej pomocy. Wej\u015bcie to jest\u00a0 udost\u0119pniane wy\u0142\u0105cznie na \u017c\u0105danie, kt\u00f3re nale\u017cy zg\u0142osi\u0107 w recepcji w budynku B (tak\u017ce telefonicznie pod numerem telefonu +48 22 523 43 21.<br \/>Sekretariat, administracja Szko\u0142y i sale lekcyjne mieszcz\u0105 si\u0119 na parterze, przej\u015bcie jest swobodne, osoba na w\u00f3zku mo\u017ce porusza\u0107 si\u0119 po ca\u0142ej powierzchni parteru.<br \/>W budynku A na pierwszym pi\u0119trze tak\u017ce znajduj\u0105 si\u0119 sale lekcyjne ale nie ma windy oraz brak jest toalety dla os\u00f3b z niepe\u0142nosprawno\u015bciami.<\/p>\r\n<p><strong>Do budynku B<\/strong> prowadzi wej\u015bcie od strony sali koncertowej, recepcja znajduje si\u0119 po prawej stronie od wej\u015bcia. Do wej\u015bcia nie ma schod\u00f3w, osoba na w\u00f3zku mo\u017ce wjecha\u0107 bez dodatkowej pomocy.<br \/>W budynku B znajduje si\u0119 winda gabarytowo odpowiednia dla przewo\u017cenia os\u00f3b na w\u00f3zkach. Przej\u015bcie jest swobodne, osoba na w\u00f3zku bez \u017cadnych przeszk\u00f3d mo\u017ce porusza\u0107 si\u0119 po ca\u0142ej powierzchni budynku (wszystkie pi\u0119tra).<br \/>Toaleta dla os\u00f3b z niepe\u0142nosprawno\u015bciami znajduje si\u0119 na parterze budynku B.<\/p>\r\n<p><strong>Do budynku C (sali koncertowej)<\/strong> wej\u015bcie znajduje si\u0119 od strony ulicy Legionowej. Do wej\u015bcia nie ma schod\u00f3w, osoba na w\u00f3zku mo\u017ce wjecha\u0107 bez dodatkowej pomocy.<br \/>W budynku C znajduje si\u0119 winda gabarytowo odpowiednia dla przewo\u017cenia os\u00f3b na w\u00f3zkach. Przej\u015bcie jest swobodne, osoba na w\u00f3zku bez \u017cadnych przeszk\u00f3d mo\u017ce porusza\u0107 si\u0119 po ca\u0142ej powierzchni budynku (wszystkie pi\u0119tra).<br \/>Toaleta dla os\u00f3b z niepe\u0142nosprawno\u015bciami znajduje si\u0119 na parterze budynku C.<\/p>\r\n","protected":false},"excerpt":{"rendered":"<p>Deklaracja dost\u0119pno\u015bci Zesp\u00f3\u0142 Pa\u0144stwowych Szk\u00f3\u0142 Muzycznych im. Fryderyka Chopina w Warszawie zobowi\u0105zuje si\u0119 zapewni\u0107 dost\u0119pno\u015b\u0107 swojej strony internetowej zgodnie z przepisami ustawy z dnia 4 kwietnia 2019 r. o dost\u0119pno\u015bci cyfrowej stron internetowych i aplikacji mobilnych podmiot\u00f3w publicznych. O\u015bwiadczenie w sprawie dost\u0119pno\u015bci ma zastosowanie do strony internetowej Konkurs Zespo\u0142\u00f3w Jazzowych &#8211; konkurs wsp\u00f3\u0142organizowany przez ZPSM &hellip; <\/p>\n<p class=\"link-more\"><a href=\"https:\/\/bednarska.art.pl\/konkurs_zespolow_jazz\/deklaracja-dostepnosci\/\" class=\"more-link\">Czytaj dalej<span class=\"screen-reader-text\"> \u201eDeklaracja dost\u0119pno\u015bci\u201d<\/span><\/a><\/p>\n","protected":false},"author":1,"featured_media":0,"parent":0,"menu_order":0,"comment_status":"closed","ping_status":"closed","template":"","meta":{"footnotes":""},"class_list":["post-370","page","type-page","status-publish","hentry"],"_links":{"self":[{"href":"https:\/\/bednarska.art.pl\/konkurs_zespolow_jazz\/wp-json\/wp\/v2\/pages\/370","targetHints":{"allow":["GET"]}}],"collection":[{"href":"https:\/\/bednarska.art.pl\/konkurs_zespolow_jazz\/wp-json\/wp\/v2\/pages"}],"about":[{"href":"https:\/\/bednarska.art.pl\/konkurs_zespolow_jazz\/wp-json\/wp\/v2\/types\/page"}],"author":[{"embeddable":true,"href":"https:\/\/bednarska.art.pl\/konkurs_zespolow_jazz\/wp-json\/wp\/v2\/users\/1"}],"replies":[{"embeddable":true,"href":"https:\/\/bednarska.art.pl\/konkurs_zespolow_jazz\/wp-json\/wp\/v2\/comments?post=370"}],"version-history":[{"count":4,"href":"https:\/\/bednarska.art.pl\/konkurs_zespolow_jazz\/wp-json\/wp\/v2\/pages\/370\/revisions"}],"predecessor-version":[{"id":568,"href":"https:\/\/bednarska.art.pl\/konkurs_zespolow_jazz\/wp-json\/wp\/v2\/pages\/370\/revisions\/568"}],"wp:attachment":[{"href":"https:\/\/bednarska.art.pl\/konkurs_zespolow_jazz\/wp-json\/wp\/v2\/media?parent=370"}],"curies":[{"name":"wp","href":"https:\/\/api.w.org\/{rel}","templated":true}]}}