{"id":29,"date":"2016-12-22T23:07:06","date_gmt":"2016-12-22T22:07:06","guid":{"rendered":"http:\/\/bednarska.art.pl\/konkurs_zespolow_jazz\/?page_id=29"},"modified":"2026-02-09T10:25:44","modified_gmt":"2026-02-09T09:25:44","slug":"regulamin","status":"publish","type":"page","link":"https:\/\/bednarska.art.pl\/konkurs_zespolow_jazz\/regulamin\/","title":{"rendered":"Regulamin"},"content":{"rendered":"<h4>REGULAMIN OG\u00d3LNOPOLSKIEGO KONKURSU ZESPO\u0141\u00d3W JAZZOWYCH KWIECIE\u0143 2026<\/h4>\n<p><strong>I. Nazwa konkursu:<\/strong><\/p>\n<p style=\"padding-left: 40px;\">Og\u00f3lnopolski Konkurs Zespo\u0142\u00f3w Jazzowych CEA dla Uczni\u00f3w Szk\u00f3\u0142 Muzycznych II st.<\/p>\n<p><strong>II. Organizator konkursu: <\/strong>Centrum Edukacji Artystycznej.<\/p>\n<p style=\"padding-left: 40px;\"><strong>Wykonawca konkursu<\/strong>:<br \/>\nZesp\u00f3\u0142 Pa\u0144stwowych Szk\u00f3\u0142 Muzycznych im. F. Chopina w Warszawie.<\/p>\n<p><strong>III. Cel konkursu:<\/strong><\/p>\n<ul>\n<li style=\"list-style-type: none;\">\n<ul>\n<li style=\"list-style-type: none;\">\n<ul>\n<li>wy\u0142onienie i promocja najlepszych zespo\u0142\u00f3w jazzowych;<\/li>\n<li>prezentacja dorobku artystycznego uczni\u00f3w i pedagog\u00f3w;<\/li>\n<li>konfrontacja umiej\u0119tno\u015bci wykonawczych.<\/li>\n<\/ul>\n<\/li>\n<\/ul>\n<\/li>\n<\/ul>\n<p><strong>IV. Zasady organizacji:<\/strong><\/p>\n<p style=\"padding-left: 40px;\">Konkurs b\u0119dzie si\u0119 odbywa\u0142 na terenie Zespo\u0142u Pa\u0144stwowych Szk\u00f3\u0142 Muzycznych im. F. Chopina w Warszawie przy ul. Po\u0142czy\u0144skiej 56.<br \/>\nWszelkie informacje (karty zg\u0142oszenia, regulamin, harmonogram) zamieszczane b\u0119d\u0105 na stronie internetowej https:\/\/bednarska.art.pl\/konkurs_zespolow_jazz<br \/>\nKonkurs jest dwuetapowy<br \/>\n&#8211; Etap I (zg\u0142oszenia do 13 marca 2026) \u2013 ocena nagra\u0144<br \/>\n&#8211; Etap II (27 kwietnia 2026) \u2013 ocena prezentacji zespo\u0142\u00f3w zakwalifikowanych po I etapie.<\/p>\n<p style=\"padding-left: 40px;\">Zg\u0142oszenie do konkursu:<br \/>\nZg\u0142oszenie udzia\u0142u w Konkursie nale\u017cy przes\u0142a\u0107 wy\u0142\u0105cznie drog\u0105 elektroniczn\u0105, wype\u0142niaj\u0105c formularz zg\u0142oszeniowy on-line dost\u0119pny na stronach konkursu, do\u0142\u0105czaj\u0105c nagrania konieczne do oceny w I etapie. Wp\u0142yni\u0119cie zg\u0142oszenia zostanie potwierdzone przez organizatora poczt\u0105 elektroniczn\u0105 na adres \u201eemail osoby zg\u0142aszaj\u0105cej\u201d podany w formularzu.<br \/>\nZg\u0142oszenie zawiera nast\u0119puj\u0105ce dane:<\/p>\n<ul>\n<li style=\"list-style-type: none;\">\n<ul>\n<li style=\"list-style-type: none;\">\n<ul>\n<li>nazw\u0119 zespo\u0142u <sup>*) opcjonalnie<\/sup><br \/>\nimiona i nazwiska poszczeg\u00f3lnych cz\u0142onk\u00f3w zespo\u0142u (z podaniem wiek, klasa, rok nauczania, instrument)<\/li>\n<li>program (tytu\u0142y utwor\u00f3w, nazwiska kompozytor\u00f3w oraz ew. nazwisko aran\u017cera):<br \/>\na) etap I<br \/>\nb) etap II<\/li>\n<li>wymagania techniczne zespo\u0142u<\/li>\n<li>dane teleadresowe Szko\u0142y zg\u0142aszaj\u0105cej<\/li>\n<li>dane kontaktowe (telefon, e\u2010mail) kierownika zespo\u0142u lub nauczyciela prowadz\u0105cego<\/li>\n<\/ul>\n<\/li>\n<\/ul>\n<\/li>\n<\/ul>\n<p style=\"padding-left: 40px;\">Nagranie utwor\u00f3w okre\u015blonych w programie I etapu konkursu moe zosta\u0107 wykonane w technice dowolnej, nie musi mie\u0107 jako\u015bci studyjnej, niemniej powinno umo\u017cliwi\u0107 komisji ocen\u0119 wykonania. Plik nagrania powinien by\u0107 zapisany w formacie mp3.<br \/>\n<span style=\"color: #3366ff;\">Termin nadsy\u0142ania zg\u0142osze\u0144 up\u0142ywa na 45 dni przed terminem przes\u0142ucha\u0144 II etapu \u2013 czyli 13.03.2026<\/span><br \/>\nSk\u0142ad zg\u0142aszanego zespo\u0142u w obydwu etapach jest sta\u0142y. Cz\u0142onkami zespo\u0142u mog\u0105 by\u0107 wy\u0142\u0105cznie uczniowie publicznych i niepublicznych szk\u00f3\u0142 muzycznych II st.<br \/>\n<span style=\"font-size: 10pt;\">UWAGA!<\/span><br \/>\n<span style=\"font-size: 10pt;\">Zgodnie z \u00a7 3 Zasad organizacji Konkursu \/<a href=\"https:\/\/www.gov.pl\/web\/cea\/konkurs-muzyczna-wiosna-2026\" target=\"_blank\" rel=\"noopener\">https:\/\/www.gov.pl\/web\/cea\/konkurs-muzyczna-wiosna-2026\/ <\/a>&#8220;z udzia\u0142u w konkursie wyklucza si\u0119 uczni\u00f3w b\u0119d\u0105cych jednocze\u015bnie studentami uczelni muzycznych w tej samej specjalizacji.<\/span><\/p>\n<p style=\"padding-left: 40px;\">Adres kontaktowy <strong>Wykonawcy\u00a0konkursu<\/strong>:<\/p>\n<p style=\"padding-left: 80px;\">Konkurs Zespo\u0142\u00f3w Jazzowych<br \/>\nZPSM im. F. Chopina \u2010 KCEM,<br \/>\nul. Po\u0142czy\u0144ska 56, 01\u2010337 Warszawa<br \/>\nemail: konkurs_zespolow_jazz@bednarska.art.pl<\/p>\n<p><strong>V. Program konkursu<\/strong><\/p>\n<p style=\"padding-left: 40px;\">Wszystkie prezentowane utwory musz\u0105 by\u0107 utrzymane w szeroko poj\u0119tej stylistyce jazzowej.<\/p>\n<p style=\"padding-left: 40px;\">ETAP I<br \/>\n\u2013 2 dowolne, zr\u00f3\u017cnicowane pod wzgl\u0119dem rytmicznym utwory, w tym jeden utw\u00f3r polskiego kompozytora. Nie dopuszcza si\u0119 w\u0142asnych kompozycji cz\u0142onk\u00f3w zespo\u0142u.<br \/>\n\u2013 czas trwania nagrania \u2010 10 \u2010 20 minut<\/p>\n<p style=\"padding-left: 40px;\">ETAP II<br \/>\n\u2013 wykonanie przez zesp\u00f3\u0142 programu sk\u0142adaj\u0105cego si\u0119 z 3 dowolnych, zr\u00f3\u017cnicowanych wzgl\u0119dem siebie utwor\u00f3w;<br \/>\n\u2013 w programie wyst\u0119pu mog\u0105 si\u0119 znale\u017a\u0107 utwory nades\u0142ane do 1 etapu konkursu, mog\u0105 tak\u017ce pojawi\u0107 si\u0119 kompozycje w\u0142asne cz\u0142onk\u00f3w zespo\u0142u;<br \/>\n\u2013 czas trwania programu \u2010 maksymalnie 30 minut.<\/p>\n<p><strong>VI. Przebieg konkursu<\/strong><\/p>\n<p style=\"padding-left: 40px;\">ETAP I \u2010 ocena nagra\u0144.<\/p>\n<ul>\n<li style=\"list-style-type: none;\">\n<ul>\n<li style=\"list-style-type: none;\">\n<ul>\n<li><strong>Wykonawca konkursu<\/strong> nades\u0142ane nagrania dostarczy ka\u017cdemu cz\u0142onkowi jury. Na tym etapie cz\u0142onkowie jury nie obraduj\u0105 wsp\u00f3lnie; ka\u017cdy juror przes\u0142uchuje i ocenia nades\u0142ane nagrania indywidualnie.<\/li>\n<li>Jurorzy swoje oceny nagra\u0144 wg systemu punktacji okre\u015blonego poni\u017cej przeka\u017c\u0105 <strong>Wykonawcy konkursu<\/strong> nie p\u00f3\u017aniej ni\u017c na 30 dni przed terminem przes\u0142ucha\u0144 II etapu.<\/li>\n<li>Sekretarz jury wyznaczony przez <strong>Wykonawc\u0119 konkursu<\/strong> dokona podsumowania nades\u0142anej punktacji wg wzoru okre\u015blonego w punkcie \u201cZasady punktacji\u201d.<\/li>\n<li>Do II etapu konkursu zakwalifikuj\u0105 si\u0119 zespo\u0142y, kt\u00f3re w Etapie I uzyska\u0142y minimum 8 punkt\u00f3w.<\/li>\n<li>O zakwalifikowaniu do kolejnego etapu szko\u0142a zg\u0142aszaj\u0105ca zesp\u00f3\u0142 zostanie powiadomiona najp\u00f3\u017aniej na 3 tygodnie przed terminem przes\u0142ucha\u0144 II etapu (do 7 kwietnia 2026 r.).<\/li>\n<\/ul>\n<\/li>\n<\/ul>\n<\/li>\n<\/ul>\n<p style=\"padding-left: 40px;\">ETAP II \u2010 ocena prezentacji zespo\u0142\u00f3w zakwalifikowanych po I etapie.<\/p>\n<ol>\n<li style=\"list-style-type: none;\">\n<ol>\n<li style=\"list-style-type: none;\">\n<ol>\n<li>Harmonogram prezentacji konkursowych zostanie og\u0142oszony na tydzie\u0144 przed terminem przes\u0142ucha\u0144.<\/li>\n<li><strong>Wykonawca konkursu<\/strong> zapewni obs\u0142ug\u0119 techniczn\u0105 (nag\u0142o\u015bnienie) oraz zapewni podstawowe instrumentarium takie jak perkusj\u0119, wzmacniacze gitarowe i basowe, fortepian, kontrabas.<\/li>\n<li>O ostatecznych wynikach konkursu zdecyduje punktacja przydzielona w jego II etapie \/tzn. punktacja w I etapie kwalifikuje do II etapu, punktacja w II etapie okre\u015bla kolejno\u015b\u0107 nagr\u00f3d, nie bierze si\u0119 pod uwag\u0119 punktacji z 1 etapu\/.<\/li>\n<li>Po wys\u0142uchaniu wszystkich uczestnik\u00f3w konkursu komisja podejmie decyzj\u0119 o przyznaniu Grand Prix oraz pozosta\u0142ych nagr\u00f3d. Werdykt jury zostanie og\u0142oszony po zako\u0144czeniu obrad oraz zostanie zamieszczony na stronie konkursu http:\/\/bednarska.art.pl\/konkurs_zespolow_jazz<\/li>\n<li>Przes\u0142uchania II etapu konkursu odb\u0119d\u0105 si\u0119 27 kwietnia 2026 r.<\/li>\n<\/ol>\n<\/li>\n<\/ol>\n<\/li>\n<\/ol>\n<p><strong>VI. Kryteria oceny uczestnik\u00f3w konkursu<\/strong><\/p>\n<p style=\"padding-left: 40px;\">Jury przy ocenianiu zespo\u0142\u00f3w b\u0119dzie bra\u0142o pod uwag\u0119 nast\u0119puj\u0105ce elementy wykonania<\/p>\n<ol>\n<li style=\"list-style-type: none;\">\n<ol>\n<li style=\"list-style-type: none;\">\n<ol>\n<li>Indywidualno\u015b\u0107.<\/li>\n<li>Kreatywno\u015b\u0107.<\/li>\n<li>Umiej\u0119tno\u015b\u0107 wsp\u00f3\u0142pracy w zespole jazzowym.<\/li>\n<li>\u015awiadomo\u015b\u0107 i wyobra\u017ani\u0119 muzyczn\u0105 \u2013 wykorzystanie element\u00f3w \u201ej\u0119zyka jazzowego\u201d w aspekcie techniki kszta\u0142towania barwy i artykulacji (brzmienie, melodyka, artykulacja, dynamika).<\/li>\n<li>Umiej\u0119tno\u015b\u0107 improwizacji (frazowanie, realizowanie harmonii utworu, wyczucie stylu, timing).<\/li>\n<li>Prezencja zespo\u0142u na scenie (w II etapie konkursu).<\/li>\n<\/ol>\n<\/li>\n<\/ol>\n<\/li>\n<\/ol>\n<p><strong>VII. Punktacja<\/strong><\/p>\n<p style=\"padding-left: 40px;\">Jury ustala ocen\u0119 wykonawc\u00f3w wed\u0142ug nast\u0119puj\u0105cej skali punktowej:<\/p>\n<ul>\n<li style=\"list-style-type: none;\">\n<ul>\n<li style=\"list-style-type: none;\">\n<ul>\n<li>12 pkt. \u2010 poziom wykonawczy i artystyczny zespo\u0142u jest wybitny i znacz\u0105co wykracza\u00a0poza wymagania konkursowe<\/li>\n<li>9 \u2010 11 pkt. \u2010 poziom wykonawczy i artystyczny zespo\u0142u jest wysoki i spe\u0142nia\u00a0wymagania konkursowe<\/li>\n<li>6 \u2010 8 pkt. \u2010 poziom wykonawczy i artystyczny zespo\u0142u jest dobry i cz\u0119\u015bciowo spe\u0142nia\u00a0wymagania konkursowe<\/li>\n<li>3 \u2010 5 pkt. \u2010 poziom wykonawczy i artystyczny zespo\u0142u jest \u015bredni i spe\u0142nia jedynie\u00a0podstawowe wymagania programowe konkursu<\/li>\n<li>0 \u2010 2 pkt. \u2010 poziom wykonawczy i artystyczny zespo\u0142u jest za niski i nie wype\u0142nia\u00a0wymaga\u0144 programowych konkursu<\/li>\n<\/ul>\n<\/li>\n<\/ul>\n<\/li>\n<\/ul>\n<p style=\"padding-left: 40px;\">Punktacj\u0119 okre\u015bla si\u0119 wg wzoru: suma punkt\u00f3w przydzielonych przez wszystkich cz\u0142onk\u00f3w komisji podzielona przez ilo\u015b\u0107 cz\u0142onk\u00f3w komisji (\u015brednia arytmetyczna).<\/p>\n<p><strong>VIII. Laureaci<\/strong><\/p>\n<ul>\n<li style=\"list-style-type: none;\">\n<ul>\n<li style=\"list-style-type: none;\">\n<ul>\n<li>Laureatem Grand Prix zostaje uczestnik, kt\u00f3ry za wyst\u0119p w II etapie konkursu otrzyma\u0142 najwy\u017csz\u0105 punktacj\u0119 przy spe\u0142nieniu koniecznego minimum 11,5 pkt;<\/li>\n<li>Laureat\u00f3w pozosta\u0142ych nagr\u00f3d oraz ewentualne wyr\u00f3\u017cnienia indywidualne jury<br \/>\nkonkursu okre\u015bli na podstawie punktacji uzyskanej za wyst\u0119p w II etapie konkursu;<\/li>\n<li>jury zastrzega sobie prawo nie przyznania wszystkich nagr\u00f3d oraz nie przyznaje\u00a0nagr\u00f3d ex aequo;<\/li>\n<li>decyzje jury s\u0105 ostateczne.<\/li>\n<\/ul>\n<\/li>\n<\/ul>\n<\/li>\n<\/ul>\n<p style=\"text-align: right;\"><em>Autorzy: Adam Cegielski, Krzysztof Gradziuk<\/em><\/p>\n","protected":false},"excerpt":{"rendered":"<p>REGULAMIN OG\u00d3LNOPOLSKIEGO KONKURSU ZESPO\u0141\u00d3W JAZZOWYCH KWIECIE\u0143 2026 I. Nazwa konkursu: Og\u00f3lnopolski Konkurs Zespo\u0142\u00f3w Jazzowych CEA dla Uczni\u00f3w Szk\u00f3\u0142 Muzycznych II st. II. Organizator konkursu: Centrum Edukacji Artystycznej. Wykonawca konkursu: Zesp\u00f3\u0142 Pa\u0144stwowych Szk\u00f3\u0142 Muzycznych im. F. Chopina w Warszawie. III. Cel konkursu: wy\u0142onienie i promocja najlepszych zespo\u0142\u00f3w jazzowych; prezentacja dorobku artystycznego uczni\u00f3w i pedagog\u00f3w; konfrontacja umiej\u0119tno\u015bci &hellip; <\/p>\n<p class=\"link-more\"><a href=\"https:\/\/bednarska.art.pl\/konkurs_zespolow_jazz\/regulamin\/\" class=\"more-link\">Czytaj dalej<span class=\"screen-reader-text\"> \u201eRegulamin\u201d<\/span><\/a><\/p>\n","protected":false},"author":1,"featured_media":419,"parent":0,"menu_order":0,"comment_status":"closed","ping_status":"closed","template":"","meta":{"footnotes":""},"class_list":["post-29","page","type-page","status-publish","has-post-thumbnail","hentry"],"_links":{"self":[{"href":"https:\/\/bednarska.art.pl\/konkurs_zespolow_jazz\/wp-json\/wp\/v2\/pages\/29","targetHints":{"allow":["GET"]}}],"collection":[{"href":"https:\/\/bednarska.art.pl\/konkurs_zespolow_jazz\/wp-json\/wp\/v2\/pages"}],"about":[{"href":"https:\/\/bednarska.art.pl\/konkurs_zespolow_jazz\/wp-json\/wp\/v2\/types\/page"}],"author":[{"embeddable":true,"href":"https:\/\/bednarska.art.pl\/konkurs_zespolow_jazz\/wp-json\/wp\/v2\/users\/1"}],"replies":[{"embeddable":true,"href":"https:\/\/bednarska.art.pl\/konkurs_zespolow_jazz\/wp-json\/wp\/v2\/comments?post=29"}],"version-history":[{"count":5,"href":"https:\/\/bednarska.art.pl\/konkurs_zespolow_jazz\/wp-json\/wp\/v2\/pages\/29\/revisions"}],"predecessor-version":[{"id":548,"href":"https:\/\/bednarska.art.pl\/konkurs_zespolow_jazz\/wp-json\/wp\/v2\/pages\/29\/revisions\/548"}],"wp:featuredmedia":[{"embeddable":true,"href":"https:\/\/bednarska.art.pl\/konkurs_zespolow_jazz\/wp-json\/wp\/v2\/media\/419"}],"wp:attachment":[{"href":"https:\/\/bednarska.art.pl\/konkurs_zespolow_jazz\/wp-json\/wp\/v2\/media?parent=29"}],"curies":[{"name":"wp","href":"https:\/\/api.w.org\/{rel}","templated":true}]}}