{"id":282,"date":"2019-10-05T11:02:35","date_gmt":"2019-10-05T09:02:35","guid":{"rendered":"http:\/\/bednarska.art.pl\/konkurs_zespolow_jazz\/?page_id=282"},"modified":"2026-02-09T15:25:04","modified_gmt":"2026-02-09T14:25:04","slug":"archiwum","status":"publish","type":"page","link":"https:\/\/bednarska.art.pl\/konkurs_zespolow_jazz\/archiwum\/","title":{"rendered":"Archiwum"},"content":{"rendered":"<h3><strong>Wyniki konkursu &#8211; rok 2023<\/strong><\/h3>\n<p>Jury w sk\u0142adzie:<br \/>\nAdam Cegielski &#8211; przewodnicz\u0105cy, prof. dr hab. Jacek Meira, dr hab. Maciej Sika\u0142a, dr hab. Dominik Wania, dr Jerzy Ma\u0142ek przyzna\u0142o nast\u0119puj\u0105ce nagrody i wyr\u00f3\u017cnienia:<\/p>\n<p><strong>Grand Prix \u2013 zesp\u00f3\u0142 JAZZ CATS<\/strong><\/p>\n<p style=\"padding-left: 40px;\"><span style=\"font-size: 1rem;\">Kosma G\u00f3ra \u2013 gitara basowa<br \/>\n<\/span><span style=\"font-size: 1rem;\">Mateusz Tomiak \u2013 gitara elektryczna<br \/>\n<\/span>Miko\u0142aj Ma\u0144kowski \u2013 perkusja<br \/>\nz Pa\u0144stwowej Szko\u0142y Muzycznej II Stopnia nr 2 im. Fryderyka Chopina w Warszawie w Zespole Pa\u0144stwowych Szk\u00f3\u0142 Muzycznych im. Fryderyka Chopina w Warszawie<br \/>\nnauczyciel \u2013 Andrzej \u015awi\u0119s<\/p>\n<p><strong>I miejsce \u2013 zesp\u00f3\u0142 DANEK \/ PANEK \/ MA\u0143KOWSKI<\/strong><\/p>\n<p style=\"padding-left: 40px;\">Dominika Danek \u2013 \u015bpiew<br \/>\nKrzysztof Panek \u2013 kontrabas<br \/>\nMiko\u0142aj Ma\u0144kowski \u2013 perkusja<br \/>\nz Pa\u0144stwowej Szko\u0142y Muzycznej II Stopnia nr 2 im. Fryderyka Chopina w Warszawie w Zespole Pa\u0144stwowych Szk\u00f3\u0142 Muzycznych im. Fryderyka Chopina w Warszawie<br \/>\nnauczyciel \u2013 Krzysztof Gradziuk<\/p>\n<p><strong>II miejsce \u2013 zesp\u00f3\u0142 50 \/ 50<\/strong><\/p>\n<p style=\"padding-left: 40px;\">Zuzanna Wajdzik \u2013 \u015bpiew<br \/>\nHanna Derej \u2013 fortepian<br \/>\nPiotr Golec \u2013 kontrabas<br \/>\nIgor Skwarczy\u0144ski \u2013 perkusja<br \/>\nAntonina Golec \u2013 saksofon altowy<br \/>\nTymon Okolus \u2013 puzon<br \/>\nz Zespo\u0142u Pa\u0144stwowych Szk\u00f3\u0142 Muzycznych im. Stanis\u0142awa Moniuszki w Bielsku-Bia\u0142ej<br \/>\nnauczyciel \u2013 Piotr Matusik<\/p>\n<p><strong>III miejsce \u2013 zesp\u00f3\u0142 RAFA\u0141 \u0141UKASIK TRIO<\/strong><\/p>\n<p style=\"padding-left: 40px;\">Rafa\u0142 \u0141ukasik \u2013 gitara<br \/>\nKrzysztof Panek \u2013 kontrabas<br \/>\nMiko\u0142aj Ma\u0144kowski \u2013 perkusja<br \/>\nz Pa\u0144stwowej Szko\u0142y Muzycznej II Stopnia nr 2 im. Fryderyka Chopina w Warszawie w Zespole Pa\u0144stwowych Szk\u00f3\u0142 Muzycznych im. Fryderyka Chopina w Warszawie<br \/>\nnauczyciel \u2013 Rafa\u0142 Sarnecki<\/p>\n<p><strong>Wyr\u00f3\u017cnienia indywidualne:<\/strong><\/p>\n<p style=\"padding-left: 40px;\"><strong>DAMIAN BOROWSKI<\/strong><br \/>\nz Pa\u0144stwowej Szko\u0142y Muzycznej II Stopnia nr 2 im. Fryderyka Chopina w Warszawie w Zespole Pa\u0144stwowych Szk\u00f3\u0142 Muzycznych im. Fryderyka Chopina w Warszawie<\/p>\n<p style=\"padding-left: 40px;\"><strong>DOMINIKA DANEK<\/strong><br \/>\nz Pa\u0144stwowej Szko\u0142y Muzycznej II Stopnia nr 2 im. Fryderyka Chopina w Warszawie w Zespole Pa\u0144stwowych Szk\u00f3\u0142 Muzycznych im. Fryderyka Chopina w Warszawie<\/p>\n<p style=\"padding-left: 40px;\"><strong>MIKO\u0141AJ MA\u0143KOWSKI<\/strong><br \/>\nz Pa\u0144stwowej Szko\u0142y Muzycznej II Stopnia nr 2 im. Fryderyka Chopina w Warszawie w Zespole Pa\u0144stwowych Szk\u00f3\u0142 Muzycznych im. Fryderyka Chopina w Warszawie<\/p>\n<p style=\"padding-left: 40px;\"><strong>TYMON OKOLUS<\/strong><br \/>\nz Zespo\u0142u Pa\u0144stwowych Szk\u00f3\u0142 Muzycznych im. Stanis\u0142awa Moniuszki w Bielsku-Bia\u0142ej<\/p>\n<p style=\"padding-left: 40px;\"><strong>ZUZANNA WAJDZIK<\/strong><br \/>\nz Zespo\u0142u Pa\u0144stwowych Szk\u00f3\u0142 Muzycznych im. Stanis\u0142awa Moniuszki w Bielsku-Bia\u0142ej<\/p>\n<p><strong>Wyr\u00f3\u017cnieni nauczyciele prowadz\u0105cy:<\/strong><\/p>\n<p style=\"padding-left: 40px;\"><strong>KRZYSZTOF GRADZIUK &#8211; <\/strong>ZPSM im. Fryderyka Chopina w Warszawie<br \/>\n<strong>PIOTR MATUSIK<\/strong> &#8211; ZPSM im. Stanis\u0142awa Moniuszki w Bielsku-Bia\u0142ej<br \/>\n<strong>RAFA\u0141 SARNECKI<\/strong> &#8211; ZPSM im. Fryderyka Chopina w Warszawie<br \/>\n<strong>ANDRZEJ \u015aWI\u0118S<\/strong> &#8211; ZPSM im. Fryderyka Chopina w Warszawie<\/p>\n<hr \/>\n<h3><strong>W roku 2020 konkurs ze wzgl\u0119du na pandemi\u0119 SARS-CoV-2 zosta\u0142 odwo\u0142any.<\/strong><\/h3>\n<hr \/>\n<h3><strong>Wyniki konkursu &#8211; rok 2017<\/strong><\/h3>\n<p>&#8211; <a href=\"https:\/\/bednarska.art.pl\/konkurs_zespolow_jazz\/wp-content\/uploads\/2017\/03\/1_etap_wyniki_protokol.jpg\">I etap<\/a><br \/>\n&#8211; <a href=\"https:\/\/bednarska.art.pl\/konkurs_zespolow_jazz\/wp-content\/uploads\/2017\/04\/II_etap_wyniki.jpg\">II etap<\/a><\/p>\n<hr \/>\n<p>&nbsp;<\/p>\n","protected":false},"excerpt":{"rendered":"<p>Wyniki konkursu &#8211; rok 2023 Jury w sk\u0142adzie: Adam Cegielski &#8211; przewodnicz\u0105cy, prof. dr hab. Jacek Meira, dr hab. Maciej Sika\u0142a, dr hab. Dominik Wania, dr Jerzy Ma\u0142ek przyzna\u0142o nast\u0119puj\u0105ce nagrody i wyr\u00f3\u017cnienia: Grand Prix \u2013 zesp\u00f3\u0142 JAZZ CATS Kosma G\u00f3ra \u2013 gitara basowa Mateusz Tomiak \u2013 gitara elektryczna Miko\u0142aj Ma\u0144kowski \u2013 perkusja z Pa\u0144stwowej &hellip; <\/p>\n<p class=\"link-more\"><a href=\"https:\/\/bednarska.art.pl\/konkurs_zespolow_jazz\/archiwum\/\" class=\"more-link\">Czytaj dalej<span class=\"screen-reader-text\"> \u201eArchiwum\u201d<\/span><\/a><\/p>\n","protected":false},"author":1,"featured_media":414,"parent":0,"menu_order":0,"comment_status":"closed","ping_status":"closed","template":"","meta":{"footnotes":""},"class_list":["post-282","page","type-page","status-publish","has-post-thumbnail","hentry"],"_links":{"self":[{"href":"https:\/\/bednarska.art.pl\/konkurs_zespolow_jazz\/wp-json\/wp\/v2\/pages\/282","targetHints":{"allow":["GET"]}}],"collection":[{"href":"https:\/\/bednarska.art.pl\/konkurs_zespolow_jazz\/wp-json\/wp\/v2\/pages"}],"about":[{"href":"https:\/\/bednarska.art.pl\/konkurs_zespolow_jazz\/wp-json\/wp\/v2\/types\/page"}],"author":[{"embeddable":true,"href":"https:\/\/bednarska.art.pl\/konkurs_zespolow_jazz\/wp-json\/wp\/v2\/users\/1"}],"replies":[{"embeddable":true,"href":"https:\/\/bednarska.art.pl\/konkurs_zespolow_jazz\/wp-json\/wp\/v2\/comments?post=282"}],"version-history":[{"count":4,"href":"https:\/\/bednarska.art.pl\/konkurs_zespolow_jazz\/wp-json\/wp\/v2\/pages\/282\/revisions"}],"predecessor-version":[{"id":564,"href":"https:\/\/bednarska.art.pl\/konkurs_zespolow_jazz\/wp-json\/wp\/v2\/pages\/282\/revisions\/564"}],"wp:featuredmedia":[{"embeddable":true,"href":"https:\/\/bednarska.art.pl\/konkurs_zespolow_jazz\/wp-json\/wp\/v2\/media\/414"}],"wp:attachment":[{"href":"https:\/\/bednarska.art.pl\/konkurs_zespolow_jazz\/wp-json\/wp\/v2\/media?parent=282"}],"curies":[{"name":"wp","href":"https:\/\/api.w.org\/{rel}","templated":true}]}}