{"id":273,"date":"2017-10-02T23:59:38","date_gmt":"2017-10-02T21:59:38","guid":{"rendered":"http:\/\/bednarska.art.pl\/konkurs_zespolow_jazz\/?page_id=273"},"modified":"2026-02-09T10:37:28","modified_gmt":"2026-02-09T09:37:28","slug":"formularz","status":"publish","type":"page","link":"https:\/\/bednarska.art.pl\/konkurs_zespolow_jazz\/formularz\/","title":{"rendered":"FORMULARZ ZG\u0141OSZENIOWY"},"content":{"rendered":"\n<!--Uprzejmie informujemy, \u017ce formularz zg\u0142oszeniowy zostanie udost\u0119pniony, gdy rozpocznie si\u0119 przyjmowanie zg\u0142osze\u0144 do konkursu.-->\n\n\n\n\n<div class=\"wpcf7 no-js\" id=\"wpcf7-f122-o1\" lang=\"pl-PL\" dir=\"ltr\" data-wpcf7-id=\"122\">\n<div class=\"screen-reader-response\"><p role=\"status\" aria-live=\"polite\" aria-atomic=\"true\"><\/p> <ul><\/ul><\/div>\n<form action=\"\/konkurs_zespolow_jazz\/wp-json\/wp\/v2\/pages\/273#wpcf7-f122-o1\" method=\"post\" class=\"wpcf7-form init\" aria-label=\"Formularz kontaktowy\" novalidate=\"novalidate\" data-status=\"init\">\n<fieldset class=\"hidden-fields-container\"><input type=\"hidden\" name=\"_wpcf7\" value=\"122\" \/><input type=\"hidden\" name=\"_wpcf7_version\" value=\"6.1.5\" \/><input type=\"hidden\" name=\"_wpcf7_locale\" value=\"pl_PL\" \/><input type=\"hidden\" name=\"_wpcf7_unit_tag\" value=\"wpcf7-f122-o1\" \/><input type=\"hidden\" name=\"_wpcf7_container_post\" value=\"0\" \/><input type=\"hidden\" name=\"_wpcf7_posted_data_hash\" value=\"\" \/><input type=\"hidden\" name=\"redirect_nonce\" value=\"fc0ce01332\" \/><input type=\"hidden\" name=\"wpcf7cfpdf_hidden_name\" value=\"zgloszenie-konkurs-cea-zespoly-jazzowe-2026\" \/><input type=\"hidden\" name=\"wpcf7cfpdf_hidden_reference\" value=\"b8085533\" \/><input type=\"hidden\" name=\"wpcf7cfpdf_hidden_date\" value=\"20kwiecie\u01442026\" \/>\n<\/fieldset>\n<div align=center>\n\t<H3>Og\u00f3lnopolski Konkurs Muzyczny CENTRUM EDUKACJI ARTYSTYCZNEJ dla uczni\u00f3w Szk\u00f3\u0142 Muzycznych II st.<br \/>\nZESPO\u0141Y JAZZOWE - 27 kwietnia 2026<br \/>\n&nbsp;<br \/>\nFORMULARZ ZG\u0141OSZENIOWY\n\t<\/h3>\n\t<P>Przypominamy o obowi\u0105zku <b><a href=\"https:\/\/bednarska.art.pl\/konkurs_zespolow_jazz\/wysylanie-plikow\/\" target=\"_blank\">przes\u0142ania<\/a><\/b> plik\u00f3w d\u017awi\u0119kowych koniecznych do realizacji I etapu konkursu.<br \/>\n<small>Prosimy o wcze\u015bniejsze przygotowanie nazw plik\u00f3w przed wys\u0142aniem wg schematu: nazwa zespo\u0142u \u2013 tytu\u0142.<\/small>\n\t<\/p>\n\t<p>Ze wzgl\u0119du na konieczno\u015b\u0107 otrzymania od uczestnik\u00f3w pisemnej \"Zgody na przetwarzanie danych osobowych oraz rozpowszechnianie wizerunku\" na podany w zg\u0142oszeniu adres \u201ee-mail osoby zg\u0142aszaj\u0105cej\u201d zostanie przes\u0142ane potwierdzenie przyj\u0119cia zg\u0142oszenia wraz z wygenerowanym formularzem zg\u0142oszenia.<br \/>\nWydrukowany i podpisany formularz przedstawiciel ka\u017cdego z zespo\u0142\u00f3w zakwalifikowanych do 2 etapu konkursu obowi\u0105zany jest przekaza\u0107 do biura konkursu w dniu rozpocz\u0119cia przes\u0142ucha\u0144 2 etapu (27.04.2026)\n\t<\/p>\n\t<table cellpadding=3 border=2>\n\t\t<tbody>\n\t\t\t<tr>\n\t\t\t\t<td align=\"left\" bgcolor=\"#d8d7d7\" style=\"padding-left: 12px\" colspan=\"3\">\n\t\t\t\t\t<p><label>Nazwa zespo\u0142u<\/label>\n\t\t\t\t\t<\/p>\n\t\t\t\t<\/td>\n\t\t\t<\/tr>\n\t\t\t<tr>\n\t\t\t\t<td style=\"padding-left: 50px\" colspan=\"3\">\n\t\t\t\t\t<p><span class=\"wpcf7-form-control-wrap\" data-name=\"nazwa_zespolu\"><textarea cols=\"80\" rows=\"1\" maxlength=\"2000\" class=\"wpcf7-form-control wpcf7-textarea wpcf7-validates-as-required\" aria-required=\"true\" aria-invalid=\"false\" name=\"nazwa_zespolu\"><\/textarea><\/span>\n\t\t\t\t\t<\/p>\n\t\t\t\t<\/td>\n\t\t\t<\/tr>\n\t\t\t<tr>\n\t\t\t\t<td align=\"left\" bgcolor=\"#d8d7d7\" style=\"padding-left: 12px\" colspan=\"3\">\n\t\t\t\t\t<p><label>Imiona i nazwiska cz\u0142onk\u00f3w zespo\u0142u<\/label>\n\t\t\t\t\t<\/p>\n\t\t\t\t<\/td>\n\t\t\t<\/tr>\n\t\t\t<tr>\n\t\t\t\t<td align=\"center\" width=\"50\">\n\t\t\t\t<\/td>\n\t\t\t\t<td bgcolor=\"#d8d7d7\" align=\"left\" style=\"padding-left: 12px\">\n\t\t\t\t\t<p>Nazwisko i imi\u0119\n\t\t\t\t\t<\/p>\n\t\t\t\t<\/td>\n\t\t\t\t<td bgcolor=\"#d8d7d7\" align=\"left\" style=\"padding-left: 12px\">\n\t\t\t\t\t<p>Instrument\n\t\t\t\t\t<\/p>\n\t\t\t\t<\/td>\n\t\t\t<\/tr>\n\t\t\t<tr>\n\t\t\t\t<td align=\"center\" width=\"50\">\n\t\t\t\t\t<p>1\n\t\t\t\t\t<\/p>\n\t\t\t\t<\/td>\n\t\t\t\t<td>\n\t\t\t\t\t<p><span class=\"wpcf7-form-control-wrap\" data-name=\"czlonkowie_zespolu_1\"><input size=\"40\" maxlength=\"400\" class=\"wpcf7-form-control wpcf7-text wpcf7-validates-as-required\" aria-required=\"true\" aria-invalid=\"false\" value=\"\" type=\"text\" name=\"czlonkowie_zespolu_1\" \/><\/span>\n\t\t\t\t\t<\/p>\n\t\t\t\t<\/td>\n\t\t\t\t<td>\n\t\t\t\t\t<p><span class=\"wpcf7-form-control-wrap\" data-name=\"instrument_1\"><input size=\"40\" maxlength=\"400\" class=\"wpcf7-form-control wpcf7-text wpcf7-validates-as-required\" aria-required=\"true\" aria-invalid=\"false\" value=\"\" type=\"text\" name=\"instrument_1\" \/><\/span>\n\t\t\t\t\t<\/p>\n\t\t\t\t<\/td>\n\t\t\t<\/tr>\n\t\t\t<tr>\n\t\t\t\t<td align=\"center\" width=\"50\">\n\t\t\t\t\t<p>2\n\t\t\t\t\t<\/p>\n\t\t\t\t<\/td>\n\t\t\t\t<td>\n\t\t\t\t\t<p><span class=\"wpcf7-form-control-wrap\" data-name=\"czlonkowie_zespolu_2\"><input size=\"40\" maxlength=\"400\" class=\"wpcf7-form-control wpcf7-text wpcf7-validates-as-required\" aria-required=\"true\" aria-invalid=\"false\" value=\"\" type=\"text\" name=\"czlonkowie_zespolu_2\" \/><\/span>\n\t\t\t\t\t<\/p>\n\t\t\t\t<\/td>\n\t\t\t\t<td>\n\t\t\t\t\t<p><span class=\"wpcf7-form-control-wrap\" data-name=\"instrument_2\"><input size=\"40\" maxlength=\"400\" class=\"wpcf7-form-control wpcf7-text wpcf7-validates-as-required\" aria-required=\"true\" aria-invalid=\"false\" value=\"\" type=\"text\" name=\"instrument_2\" \/><\/span>\n\t\t\t\t\t<\/p>\n\t\t\t\t<\/td>\n\t\t\t<\/tr>\n\t\t\t<tr>\n\t\t\t\t<td align=\"center\" width=\"50\">\n\t\t\t\t\t<p>3\n\t\t\t\t\t<\/p>\n\t\t\t\t<\/td>\n\t\t\t\t<td>\n\t\t\t\t\t<p><span class=\"wpcf7-form-control-wrap\" data-name=\"czlonkowie_zespolu_3\"><input size=\"40\" maxlength=\"400\" class=\"wpcf7-form-control wpcf7-text\" aria-invalid=\"false\" value=\"\" type=\"text\" name=\"czlonkowie_zespolu_3\" \/><\/span>\n\t\t\t\t\t<\/p>\n\t\t\t\t<\/td>\n\t\t\t\t<td>\n\t\t\t\t\t<p><span class=\"wpcf7-form-control-wrap\" data-name=\"instrument_3\"><input size=\"40\" maxlength=\"400\" class=\"wpcf7-form-control wpcf7-text\" aria-invalid=\"false\" value=\"\" type=\"text\" name=\"instrument_3\" \/><\/span>\n\t\t\t\t\t<\/p>\n\t\t\t\t<\/td>\n\t\t\t<\/tr>\n\t\t\t<tr>\n\t\t\t\t<td align=\"center\" width=\"50\">\n\t\t\t\t\t<p>4\n\t\t\t\t\t<\/p>\n\t\t\t\t<\/td>\n\t\t\t\t<td>\n\t\t\t\t\t<p><span class=\"wpcf7-form-control-wrap\" data-name=\"czlonkowie_zespolu_4\"><input size=\"40\" maxlength=\"400\" class=\"wpcf7-form-control wpcf7-text\" aria-invalid=\"false\" value=\"\" type=\"text\" name=\"czlonkowie_zespolu_4\" \/><\/span>\n\t\t\t\t\t<\/p>\n\t\t\t\t<\/td>\n\t\t\t\t<td>\n\t\t\t\t\t<p><span class=\"wpcf7-form-control-wrap\" data-name=\"instrument_4\"><input size=\"40\" maxlength=\"400\" class=\"wpcf7-form-control wpcf7-text\" aria-invalid=\"false\" value=\"\" type=\"text\" name=\"instrument_4\" \/><\/span>\n\t\t\t\t\t<\/p>\n\t\t\t\t<\/td>\n\t\t\t<\/tr>\n\t\t\t<tr>\n\t\t\t\t<td align=\"center\" width=\"50\">\n\t\t\t\t\t<p>5\n\t\t\t\t\t<\/p>\n\t\t\t\t<\/td>\n\t\t\t\t<td>\n\t\t\t\t\t<p><span class=\"wpcf7-form-control-wrap\" data-name=\"czlonkowie_zespolu_5\"><input size=\"40\" maxlength=\"400\" class=\"wpcf7-form-control wpcf7-text\" aria-invalid=\"false\" value=\"\" type=\"text\" name=\"czlonkowie_zespolu_5\" \/><\/span>\n\t\t\t\t\t<\/p>\n\t\t\t\t<\/td>\n\t\t\t\t<td>\n\t\t\t\t\t<p><span class=\"wpcf7-form-control-wrap\" data-name=\"instrument_5\"><input size=\"40\" maxlength=\"400\" class=\"wpcf7-form-control wpcf7-text\" aria-invalid=\"false\" value=\"\" type=\"text\" name=\"instrument_5\" \/><\/span>\n\t\t\t\t\t<\/p>\n\t\t\t\t<\/td>\n\t\t\t<\/tr>\n\t\t\t<tr>\n\t\t\t\t<td align=\"center\" width=\"50\">\n\t\t\t\t\t<p>6\n\t\t\t\t\t<\/p>\n\t\t\t\t<\/td>\n\t\t\t\t<td>\n\t\t\t\t\t<p><span class=\"wpcf7-form-control-wrap\" data-name=\"czlonkowie_zespolu_6\"><input size=\"40\" maxlength=\"400\" class=\"wpcf7-form-control wpcf7-text\" aria-invalid=\"false\" value=\"\" type=\"text\" name=\"czlonkowie_zespolu_6\" \/><\/span>\n\t\t\t\t\t<\/p>\n\t\t\t\t<\/td>\n\t\t\t\t<td>\n\t\t\t\t\t<p><span class=\"wpcf7-form-control-wrap\" data-name=\"instrument_6\"><input size=\"40\" maxlength=\"400\" class=\"wpcf7-form-control wpcf7-text\" aria-invalid=\"false\" value=\"\" type=\"text\" name=\"instrument_6\" \/><\/span>\n\t\t\t\t\t<\/p>\n\t\t\t\t<\/td>\n\t\t\t<\/tr>\n\t\t\t<tr>\n\t\t\t\t<td align=\"center\" width=\"50\">\n\t\t\t\t\t<p>7\n\t\t\t\t\t<\/p>\n\t\t\t\t<\/td>\n\t\t\t\t<td>\n\t\t\t\t\t<p><span class=\"wpcf7-form-control-wrap\" data-name=\"czlonkowie_zespolu_7\"><input size=\"40\" maxlength=\"400\" class=\"wpcf7-form-control wpcf7-text\" aria-invalid=\"false\" value=\"\" type=\"text\" name=\"czlonkowie_zespolu_7\" \/><\/span>\n\t\t\t\t\t<\/p>\n\t\t\t\t<\/td>\n\t\t\t\t<td>\n\t\t\t\t\t<p><span class=\"wpcf7-form-control-wrap\" data-name=\"instrument_7\"><input size=\"40\" maxlength=\"400\" class=\"wpcf7-form-control wpcf7-text\" aria-invalid=\"false\" value=\"\" type=\"text\" name=\"instrument_7\" \/><\/span>\n\t\t\t\t\t<\/p>\n\t\t\t\t<\/td>\n\t\t\t<\/tr>\n\t\t\t<tr>\n\t\t\t\t<td colspan=\"3\" align=\"left\" bgcolor=\"#d8d7d7\" style=\"padding-left: 12px\">\n\t\t\t\t\t<p><label>Pe\u0142na nazwa oraz dane teleadresowe szko\u0142y<\/label>\n\t\t\t\t\t<\/p>\n\t\t\t\t<\/td>\n\t\t\t<\/tr>\n\t\t\t<tr>\n\t\t\t\t<td colspan=\"3\">\n\t\t\t\t\t<p><span class=\"wpcf7-form-control-wrap\" data-name=\"nazwa_szkoly\"><textarea cols=\"80\" rows=\"3\" maxlength=\"2000\" class=\"wpcf7-form-control wpcf7-textarea wpcf7-validates-as-required\" aria-required=\"true\" aria-invalid=\"false\" name=\"nazwa_szkoly\"><\/textarea><\/span>\n\t\t\t\t\t<\/p>\n\t\t\t\t<\/td>\n\t\t\t<\/tr>\n\t\t\t<td colspan=\"3\" align=\"left\" bgcolor=\"#d8d7d7\" style=\"padding-left: 12px\">\n\t\t\t\t<p><label>Imie i nazwisko nauczyciela prowadz\u0105cego zesp\u00f3\u0142<\/label>\n\t\t\t\t<\/p>\n\t\t\t<\/td>\n\t\t\t<tr>\n\t\t\t\t<td colspan=\"3\">\n\t\t\t\t\t<p><span class=\"wpcf7-form-control-wrap\" data-name=\"nauczyciel_prowadzacy\"><input size=\"40\" maxlength=\"400\" class=\"wpcf7-form-control wpcf7-text wpcf7-validates-as-required\" aria-required=\"true\" aria-invalid=\"false\" value=\"\" type=\"text\" name=\"nauczyciel_prowadzacy\" \/><\/span>\n\t\t\t\t\t<\/p>\n\t\t\t\t<\/td>\n\t\t\t<\/tr>\n\t\t<\/tbody>\n\t<\/table>\n\t<table cellpadding=15 border=2>\n\t\t<tbody>\n\t\t\t<tr>\n\t\t\t\t<td colspan=\"3\" align=\"left\" bgcolor=\"#d8d7d7\" style=\"padding-left: 12px\">\n\t\t\t\t\t<p><label>Wykonywany program<\/label>\n\t\t\t\t\t<\/p>\n\t\t\t\t<\/td>\n\t\t\t<\/tr>\n\t\t\t<tr>\n\t\t\t\t<td colspan=\"3\" align=\"left\" bgcolor=\"#f4f3f3\" style=\"padding-left: 12px\">\n\t\t\t\t\t<p><label>I ETAP<\/label>\n\t\t\t\t\t<\/p>\n\t\t\t\t<\/td>\n\t\t\t<\/tr>\n\t\t\t<tr>\n\t\t\t\t<td>\n\t\t\t\t<\/td>\n\t\t\t\t<td>\n\t\t\t\t\t<p>Tytu\u0142 utworu\n\t\t\t\t\t<\/p>\n\t\t\t\t<\/td>\n\t\t\t\t<td>\n\t\t\t\t\t<p>Imi\u0119 i nazwisko kompozytora\n\t\t\t\t\t<\/p>\n\t\t\t\t<\/td>\n\t\t\t<\/tr>\n\t\t\t<tr>\n\t\t\t\t<td align=\"center\" width=\"50\">\n\t\t\t\t\t<p>1\n\t\t\t\t\t<\/p>\n\t\t\t\t<\/td>\n\t\t\t\t<td>\n\t\t\t\t\t<p><span class=\"wpcf7-form-control-wrap\" data-name=\"utwor-1-1etap\"><input size=\"40\" maxlength=\"400\" class=\"wpcf7-form-control wpcf7-text wpcf7-validates-as-required\" aria-required=\"true\" aria-invalid=\"false\" value=\"\" type=\"text\" name=\"utwor-1-1etap\" \/><\/span>\n\t\t\t\t\t<\/p>\n\t\t\t\t<\/td>\n\t\t\t\t<td>\n\t\t\t\t\t<p><span class=\"wpcf7-form-control-wrap\" data-name=\"utwor-1-1etap-kompozytor\"><input size=\"40\" maxlength=\"400\" class=\"wpcf7-form-control wpcf7-text wpcf7-validates-as-required\" aria-required=\"true\" aria-invalid=\"false\" value=\"\" type=\"text\" name=\"utwor-1-1etap-kompozytor\" \/><\/span>\n\t\t\t\t\t<\/p>\n\t\t\t\t<\/td>\n\t\t\t<\/tr>\n\t\t\t<tr>\n\t\t\t\t<td align=\"center\">\n\t\t\t\t\t<p>2\n\t\t\t\t\t<\/p>\n\t\t\t\t<\/td>\n\t\t\t\t<td>\n\t\t\t\t\t<p><span class=\"wpcf7-form-control-wrap\" data-name=\"utwor-2-1etap\"><input size=\"40\" maxlength=\"400\" class=\"wpcf7-form-control wpcf7-text wpcf7-validates-as-required\" aria-required=\"true\" aria-invalid=\"false\" value=\"\" type=\"text\" name=\"utwor-2-1etap\" \/><\/span>\n\t\t\t\t\t<\/p>\n\t\t\t\t<\/td>\n\t\t\t\t<td>\n\t\t\t\t\t<p><span class=\"wpcf7-form-control-wrap\" data-name=\"utwor-2-1etap-kompozytor\"><input size=\"40\" maxlength=\"400\" class=\"wpcf7-form-control wpcf7-text wpcf7-validates-as-required\" aria-required=\"true\" aria-invalid=\"false\" value=\"\" type=\"text\" name=\"utwor-2-1etap-kompozytor\" \/><\/span>\n\t\t\t\t\t<\/p>\n\t\t\t\t<\/td>\n\t\t\t<\/tr>\n\t\t\t<tr>\n\t\t\t\t<td colspan=\"3\" align=\"left\" bgcolor=\"#f4f3f3\" style=\"padding-left: 12px\">\n\t\t\t\t\t<p><label>II ETAP<\/label>\n\t\t\t\t\t<\/p>\n\t\t\t\t<\/td>\n\t\t\t<\/tr>\n\t\t\t<tr>\n\t\t\t\t<td>\n\t\t\t\t<\/td>\n\t\t\t\t<td>\n\t\t\t\t\t<p>Tytu\u0142 utworu\n\t\t\t\t\t<\/p>\n\t\t\t\t<\/td>\n\t\t\t\t<td>\n\t\t\t\t\t<p>Imi\u0119 i nazwisko kompozytora\n\t\t\t\t\t<\/p>\n\t\t\t\t<\/td>\n\t\t\t<\/tr>\n\t\t\t<tr>\n\t\t\t\t<td align=\"center\">\n\t\t\t\t\t<p>1\n\t\t\t\t\t<\/p>\n\t\t\t\t<\/td>\n\t\t\t\t<td>\n\t\t\t\t\t<p><span class=\"wpcf7-form-control-wrap\" data-name=\"utwor-1-2etap\"><input size=\"40\" maxlength=\"400\" class=\"wpcf7-form-control wpcf7-text wpcf7-validates-as-required\" aria-required=\"true\" aria-invalid=\"false\" value=\"\" type=\"text\" name=\"utwor-1-2etap\" \/><\/span>\n\t\t\t\t\t<\/p>\n\t\t\t\t<\/td>\n\t\t\t\t<td>\n\t\t\t\t\t<p><span class=\"wpcf7-form-control-wrap\" data-name=\"utwor-1-2etap-kompozytor\"><input size=\"40\" maxlength=\"400\" class=\"wpcf7-form-control wpcf7-text wpcf7-validates-as-required\" aria-required=\"true\" aria-invalid=\"false\" value=\"\" type=\"text\" name=\"utwor-1-2etap-kompozytor\" \/><\/span>\n\t\t\t\t\t<\/p>\n\t\t\t\t<\/td>\n\t\t\t<\/tr>\n\t\t\t<tr>\n\t\t\t\t<td align=\"center\">\n\t\t\t\t\t<p>2\n\t\t\t\t\t<\/p>\n\t\t\t\t<\/td>\n\t\t\t\t<td>\n\t\t\t\t\t<p><span class=\"wpcf7-form-control-wrap\" data-name=\"utwor-2-2etap\"><input size=\"40\" maxlength=\"400\" class=\"wpcf7-form-control wpcf7-text wpcf7-validates-as-required\" aria-required=\"true\" aria-invalid=\"false\" value=\"\" type=\"text\" name=\"utwor-2-2etap\" \/><\/span>\n\t\t\t\t\t<\/p>\n\t\t\t\t<\/td>\n\t\t\t\t<td>\n\t\t\t\t\t<p><span class=\"wpcf7-form-control-wrap\" data-name=\"utwor-2-2etap-kompozytor\"><input size=\"40\" maxlength=\"400\" class=\"wpcf7-form-control wpcf7-text wpcf7-validates-as-required\" aria-required=\"true\" aria-invalid=\"false\" value=\"\" type=\"text\" name=\"utwor-2-2etap-kompozytor\" \/><\/span>\n\t\t\t\t\t<\/p>\n\t\t\t\t<\/td>\n\t\t\t<\/tr>\n\t\t\t<tr>\n\t\t\t\t<td align=\"center\">\n\t\t\t\t\t<p>3\n\t\t\t\t\t<\/p>\n\t\t\t\t<\/td>\n\t\t\t\t<td>\n\t\t\t\t\t<p><span class=\"wpcf7-form-control-wrap\" data-name=\"utwor-3-2etap\"><input size=\"40\" maxlength=\"400\" class=\"wpcf7-form-control wpcf7-text wpcf7-validates-as-required\" aria-required=\"true\" aria-invalid=\"false\" value=\"\" type=\"text\" name=\"utwor-3-2etap\" \/><\/span>\n\t\t\t\t\t<\/p>\n\t\t\t\t<\/td>\n\t\t\t\t<td>\n\t\t\t\t\t<p><span class=\"wpcf7-form-control-wrap\" data-name=\"utwor-3-2etap-kompozytor\"><input size=\"40\" maxlength=\"400\" class=\"wpcf7-form-control wpcf7-text wpcf7-validates-as-required\" aria-required=\"true\" aria-invalid=\"false\" value=\"\" type=\"text\" name=\"utwor-3-2etap-kompozytor\" \/><\/span>\n\t\t\t\t\t<\/p>\n\t\t\t\t<\/td>\n\t\t\t<\/tr>\n\t\t\t<tr>\n\t\t\t\t<td>\n\t\t\t\t<\/td>\n\t\t\t\t<td>\n\t\t\t\t\t<p>Czas trwania wyst\u0119pu w II etapie:\n\t\t\t\t\t<\/p>\n\t\t\t\t<\/td>\n\t\t\t\t<td>\n\t\t\t\t\t<p><span class=\"wpcf7-form-control-wrap\" data-name=\"czas-2-etap\"><input size=\"40\" maxlength=\"400\" class=\"wpcf7-form-control wpcf7-text wpcf7-validates-as-required\" aria-required=\"true\" aria-invalid=\"false\" value=\"\" type=\"text\" name=\"czas-2-etap\" \/><\/span>\n\t\t\t\t\t<\/p>\n\t\t\t\t<\/td>\n\t\t\t<\/tr>\n\t\t\t<tr>\n\t\t\t\t<td>\n\t\t\t\t<\/td>\n\t\t\t\t<td colspan=\"2\" align=\"left\" bgcolor=\"\">\n\t\t\t\t\t<p>Przypominamy, \u017ce zgodnie z regulaminem czas trwania nagra\u0144 (1 etap) to 10-20 minut, czas wyst\u0119pu zakwalifikowanych zespo\u0142\u00f3w w II etapie - maksymalnie 30 minut.\n\t\t\t\t\t<\/p>\n\t\t\t\t<\/td>\n\t\t\t<\/tr>\n\t\t\t<tr>\n\t\t\t\t<td>\n\t\t\t\t<\/td>\n\t\t\t\t<td>\n\t\t\t\t\t<p>Imi\u0119 i nazwisko osoby do kontaktu:\n\t\t\t\t\t<\/p>\n\t\t\t\t<\/td>\n\t\t\t\t<td>\n\t\t\t\t\t<p><span class=\"wpcf7-form-control-wrap\" data-name=\"zglaszajacy\"><input size=\"40\" maxlength=\"400\" class=\"wpcf7-form-control wpcf7-text wpcf7-validates-as-required\" aria-required=\"true\" aria-invalid=\"false\" value=\"\" type=\"text\" name=\"zglaszajacy\" \/><\/span>\n\t\t\t\t\t<\/p>\n\t\t\t\t<\/td>\n\t\t\t<\/tr>\n\t\t\t<tr>\n\t\t\t\t<td>\n\t\t\t\t<\/td>\n\t\t\t\t<td>\n\t\t\t\t\t<p>Adres email osoby zg\u0142aszaj\u0105cej:\n\t\t\t\t\t<\/p>\n\t\t\t\t<\/td>\n\t\t\t\t<td>\n\t\t\t\t\t<p><span class=\"wpcf7-form-control-wrap\" data-name=\"e-mail\"><input size=\"40\" maxlength=\"400\" class=\"wpcf7-form-control wpcf7-text wpcf7-validates-as-required\" aria-required=\"true\" aria-invalid=\"false\" value=\"\" type=\"text\" name=\"e-mail\" \/><\/span>\n\t\t\t\t\t<\/p>\n\t\t\t\t<\/td>\n\t\t\t<\/tr>\n\t\t\t<tr>\n\t\t\t\t<td>\n\t\t\t\t<\/td>\n\t\t\t\t<td>\n\t\t\t\t\t<p>Nr telefonu osoby zg\u0142aszaj\u0105cej:\n\t\t\t\t\t<\/p>\n\t\t\t\t<\/td>\n\t\t\t\t<td>\n\t\t\t\t\t<p><span class=\"wpcf7-form-control-wrap\" data-name=\"telefon\"><input size=\"40\" maxlength=\"400\" class=\"wpcf7-form-control wpcf7-text wpcf7-validates-as-required\" aria-required=\"true\" aria-invalid=\"false\" value=\"\" type=\"text\" name=\"telefon\" \/><\/span>\n\t\t\t\t\t<\/p>\n\t\t\t\t<\/td>\n\t\t\t<\/tr>\n\t\t\t<tr>\n\t\t\t\t<td>\n\t\t\t\t<\/td>\n\t\t\t\t<td>\n\t\t\t\t\t<p>Dodatkowe uwagi zg\u0142aszaj\u0105cego:\n\t\t\t\t\t<\/p>\n\t\t\t\t<\/td>\n\t\t\t\t<td>\n\t\t\t\t\t<p><span class=\"wpcf7-form-control-wrap\" data-name=\"uwagi\"><textarea cols=\"40\" rows=\"5\" maxlength=\"2000\" class=\"wpcf7-form-control wpcf7-textarea\" aria-invalid=\"false\" name=\"uwagi\"><\/textarea><\/span>\n\t\t\t\t\t<\/p>\n\t\t\t\t<\/td>\n\t\t\t<\/tr>\n\t\t\t<tr>\n\t\t\t\t<td>\n\t\t\t\t<\/td>\n\t\t\t\t<td>\n\t\t\t\t\t<p><b>Data zg\u0142oszenia<\/b><br \/>\n(wype\u0142ni\u0107 w podanym formacie):\n\t\t\t\t\t<\/p>\n\t\t\t\t<\/td>\n\t\t\t\t<td>\n\t\t\t\t\t<p><span class=\"wpcf7-form-control-wrap\" data-name=\"data_zgloszenia\"><input class=\"wpcf7-form-control wpcf7-date wpcf7-validates-as-date\" min=\"2026-02-09\" max=\"2026-03-13\" aria-invalid=\"false\" placeholder=\"rrrr-mm-dd\" value=\"\" type=\"date\" name=\"data_zgloszenia\" \/><\/span>\n\t\t\t\t\t<\/p>\n\t\t\t\t<\/td>\n\t\t\t<\/tr>\n\t\t\t<tr>\n\t\t\t\t<td>\n\t\t\t\t<\/td>\n\t\t\t\t<td>\n\t\t\t\t\t<p>Zabezpieczenie antyspam - prosz\u0119 wpisa\u0107 wynik dodawania\n\t\t\t\t\t<\/p>\n\t\t\t\t<\/td>\n\t\t\t\t<td colspan=\"\">\n\t\t\t\t\t<p><span class=\"wpcf7-form-control-wrap\" data-name=\"math-quiz\"><label><span class=\"wpcf7-quiz-label\">2+7=?<\/span> <input size=\"40\" class=\"wpcf7-form-control wpcf7-quiz\" autocomplete=\"off\" aria-required=\"true\" aria-invalid=\"false\" type=\"text\" name=\"math-quiz\" \/><\/label><input type=\"hidden\" name=\"_wpcf7_quiz_answer_math-quiz\" value=\"80238f716379d4a4b5748c6b591510b7\" \/><\/span>\n\t\t\t\t\t<\/p>\n\t\t\t\t<\/td>\n\t\t\t<\/tr>\n\t\t\t<tr>\n\t\t\t\t<td>\n\t\t\t\t<\/td>\n\t\t\t\t<td colspan=\"2\">\n\t\t\t\t\t<p><input class=\"wpcf7-form-control wpcf7-submit has-spinner\" type=\"submit\" value=\"Wy\u015blij\" \/>\n\t\t\t\t\t<\/p>\n\t\t\t\t<\/td>\n\t\t\t<\/tr>\n\t\t<\/tbody>\n\t<\/table>\n<\/div><div class=\"wpcf7-response-output\" aria-hidden=\"true\"><\/div>\n<\/form>\n<\/div>\n\n","protected":false},"excerpt":{"rendered":"","protected":false},"author":1,"featured_media":0,"parent":0,"menu_order":0,"comment_status":"closed","ping_status":"closed","template":"","meta":{"footnotes":""},"class_list":["post-273","page","type-page","status-publish","hentry"],"_links":{"self":[{"href":"https:\/\/bednarska.art.pl\/konkurs_zespolow_jazz\/wp-json\/wp\/v2\/pages\/273","targetHints":{"allow":["GET"]}}],"collection":[{"href":"https:\/\/bednarska.art.pl\/konkurs_zespolow_jazz\/wp-json\/wp\/v2\/pages"}],"about":[{"href":"https:\/\/bednarska.art.pl\/konkurs_zespolow_jazz\/wp-json\/wp\/v2\/types\/page"}],"author":[{"embeddable":true,"href":"https:\/\/bednarska.art.pl\/konkurs_zespolow_jazz\/wp-json\/wp\/v2\/users\/1"}],"replies":[{"embeddable":true,"href":"https:\/\/bednarska.art.pl\/konkurs_zespolow_jazz\/wp-json\/wp\/v2\/comments?post=273"}],"version-history":[{"count":4,"href":"https:\/\/bednarska.art.pl\/konkurs_zespolow_jazz\/wp-json\/wp\/v2\/pages\/273\/revisions"}],"predecessor-version":[{"id":458,"href":"https:\/\/bednarska.art.pl\/konkurs_zespolow_jazz\/wp-json\/wp\/v2\/pages\/273\/revisions\/458"}],"wp:attachment":[{"href":"https:\/\/bednarska.art.pl\/konkurs_zespolow_jazz\/wp-json\/wp\/v2\/media?parent=273"}],"curies":[{"name":"wp","href":"https:\/\/api.w.org\/{rel}","templated":true}]}}