{"id":176,"date":"2017-01-12T10:54:32","date_gmt":"2017-01-12T09:54:32","guid":{"rendered":"http:\/\/bednarska.art.pl\/konkurs_zespolow_jazz\/?page_id=176"},"modified":"2026-02-09T15:32:37","modified_gmt":"2026-02-09T14:32:37","slug":"nagrody","status":"publish","type":"page","link":"https:\/\/bednarska.art.pl\/konkurs_zespolow_jazz\/nagrody\/","title":{"rendered":"Nagrody"},"content":{"rendered":"<p>Zgodnie z Zasadami Konkursu Centrum Edukacji Artystycznej (\u00a76 p.4a, 4b), Dyrektor Centrum\u00a0ustanowi\u0142 nast\u0119puj\u0105ce nagrody finansowe dla laureat\u00f3w Konkursu w kategorii zesp\u00f3\u0142:<\/p>\n<ul style=\"padding-left: 60px;\">\n<li>Grand Prix 3 tys. z\u0142 dla ka\u017cdego cz\u0142onka zespo\u0142u<\/li>\n<li>I miejsce 2,5 tys. z\u0142 dla ka\u017cdego cz\u0142onka zespo\u0142u<\/li>\n<li>II miejsce 2,0 tys. z\u0142 dla ka\u017cdego cz\u0142onka zespo\u0142u<\/li>\n<li>III miejsce 1,5 tys. z\u0142 dla ka\u017cdego cz\u0142onka zespo\u0142u<\/li>\n<\/ul>\n<p>Laureat GRAND PRIX dodatkowo wyst\u0105pi podczas Koncertu Laureat\u00f3w w\u00a0 maju 2026 r.<\/p>\n","protected":false},"excerpt":{"rendered":"<p>Zgodnie z Zasadami Konkursu Centrum Edukacji Artystycznej (\u00a76 p.4a, 4b), Dyrektor Centrum\u00a0ustanowi\u0142 nast\u0119puj\u0105ce nagrody finansowe dla laureat\u00f3w Konkursu w kategorii zesp\u00f3\u0142: Grand Prix 3 tys. z\u0142 dla ka\u017cdego cz\u0142onka zespo\u0142u I miejsce 2,5 tys. z\u0142 dla ka\u017cdego cz\u0142onka zespo\u0142u II miejsce 2,0 tys. z\u0142 dla ka\u017cdego cz\u0142onka zespo\u0142u III miejsce 1,5 tys. z\u0142 dla ka\u017cdego &hellip; <\/p>\n<p class=\"link-more\"><a href=\"https:\/\/bednarska.art.pl\/konkurs_zespolow_jazz\/nagrody\/\" class=\"more-link\">Czytaj dalej<span class=\"screen-reader-text\"> \u201eNagrody\u201d<\/span><\/a><\/p>\n","protected":false},"author":1,"featured_media":61,"parent":0,"menu_order":0,"comment_status":"closed","ping_status":"closed","template":"","meta":{"footnotes":""},"class_list":["post-176","page","type-page","status-publish","has-post-thumbnail","hentry"],"_links":{"self":[{"href":"https:\/\/bednarska.art.pl\/konkurs_zespolow_jazz\/wp-json\/wp\/v2\/pages\/176","targetHints":{"allow":["GET"]}}],"collection":[{"href":"https:\/\/bednarska.art.pl\/konkurs_zespolow_jazz\/wp-json\/wp\/v2\/pages"}],"about":[{"href":"https:\/\/bednarska.art.pl\/konkurs_zespolow_jazz\/wp-json\/wp\/v2\/types\/page"}],"author":[{"embeddable":true,"href":"https:\/\/bednarska.art.pl\/konkurs_zespolow_jazz\/wp-json\/wp\/v2\/users\/1"}],"replies":[{"embeddable":true,"href":"https:\/\/bednarska.art.pl\/konkurs_zespolow_jazz\/wp-json\/wp\/v2\/comments?post=176"}],"version-history":[{"count":3,"href":"https:\/\/bednarska.art.pl\/konkurs_zespolow_jazz\/wp-json\/wp\/v2\/pages\/176\/revisions"}],"predecessor-version":[{"id":566,"href":"https:\/\/bednarska.art.pl\/konkurs_zespolow_jazz\/wp-json\/wp\/v2\/pages\/176\/revisions\/566"}],"wp:featuredmedia":[{"embeddable":true,"href":"https:\/\/bednarska.art.pl\/konkurs_zespolow_jazz\/wp-json\/wp\/v2\/media\/61"}],"wp:attachment":[{"href":"https:\/\/bednarska.art.pl\/konkurs_zespolow_jazz\/wp-json\/wp\/v2\/media?parent=176"}],"curies":[{"name":"wp","href":"https:\/\/api.w.org\/{rel}","templated":true}]}}