{"id":146,"date":"2016-12-29T17:23:34","date_gmt":"2016-12-29T16:23:34","guid":{"rendered":"http:\/\/bednarska.art.pl\/konkurs_zespolow_jazz\/?page_id=146"},"modified":"2026-04-15T21:03:41","modified_gmt":"2026-04-15T19:03:41","slug":"jury","status":"publish","type":"page","link":"https:\/\/bednarska.art.pl\/konkurs_zespolow_jazz\/jury\/","title":{"rendered":"Jury"},"content":{"rendered":"\r\n<p>Jury konkursu:<\/p>\r\n<ul style=\"padding-left: 22px;\">\r\n<li>prof. dr hab. Jacek Meira (<a style=\"font-size: small;\" href=\"http:\/\/www.jacekniedziela.com\" target=\"_blank\" rel=\"noopener noreferrer\">link zewn\u0119trzny<\/a>)<\/li>\r\n<li>dr hab. Rafa\u0142 Sarnecki (<a style=\"font-size: small;\" href=\"http:\/\/rafalsarnecki.com\/\" target=\"_blank\" rel=\"noopener noreferrer\">link zewn\u0119trzny<\/a>)<\/li>\r\n<li>prof. dr hab. Maciej Sika\u0142a (<a style=\"font-size: small;\" href=\"http:\/\/www.amuz.bydgoszcz.pl\/wykladowcy\/wykl-dr-maciej-sikala\/\" target=\"_blank\" rel=\"noopener noreferrer\">link zewn\u0119trzny<\/a>)<\/li>\r\n<li>prof. dr hab. Grzegorz Nag\u00f3rski (<a style=\"font-size: small;\" href=\"https:\/\/am.katowice.pl\/informacje\/nagorski-grzegorz-346\" target=\"_blank\" rel=\"noopener noreferrer\">link zewn\u0119trzny<\/a>)<\/li>\r\n<li>Adam Cegielski (<a style=\"font-size: small;\" href=\"https:\/\/jagodzinski.art.pl\/adam-cegielski\/\" target=\"_blank\" rel=\"noopener noreferrer\">link zewn\u0119trzny<\/a>)<\/li>\r\n<\/ul>\r\n","protected":false},"excerpt":{"rendered":"<p>Jury konkursu: prof. dr hab. Jacek Meira (link zewn\u0119trzny) dr hab. Rafa\u0142 Sarnecki (link zewn\u0119trzny) prof. dr hab. Maciej Sika\u0142a (link zewn\u0119trzny) prof. dr hab. Grzegorz Nag\u00f3rski (link zewn\u0119trzny) Adam Cegielski (link zewn\u0119trzny)<\/p>\n","protected":false},"author":1,"featured_media":418,"parent":0,"menu_order":0,"comment_status":"closed","ping_status":"closed","template":"","meta":{"footnotes":""},"class_list":["post-146","page","type-page","status-publish","has-post-thumbnail","hentry"],"_links":{"self":[{"href":"https:\/\/bednarska.art.pl\/konkurs_zespolow_jazz\/wp-json\/wp\/v2\/pages\/146","targetHints":{"allow":["GET"]}}],"collection":[{"href":"https:\/\/bednarska.art.pl\/konkurs_zespolow_jazz\/wp-json\/wp\/v2\/pages"}],"about":[{"href":"https:\/\/bednarska.art.pl\/konkurs_zespolow_jazz\/wp-json\/wp\/v2\/types\/page"}],"author":[{"embeddable":true,"href":"https:\/\/bednarska.art.pl\/konkurs_zespolow_jazz\/wp-json\/wp\/v2\/users\/1"}],"replies":[{"embeddable":true,"href":"https:\/\/bednarska.art.pl\/konkurs_zespolow_jazz\/wp-json\/wp\/v2\/comments?post=146"}],"version-history":[{"count":4,"href":"https:\/\/bednarska.art.pl\/konkurs_zespolow_jazz\/wp-json\/wp\/v2\/pages\/146\/revisions"}],"predecessor-version":[{"id":641,"href":"https:\/\/bednarska.art.pl\/konkurs_zespolow_jazz\/wp-json\/wp\/v2\/pages\/146\/revisions\/641"}],"wp:featuredmedia":[{"embeddable":true,"href":"https:\/\/bednarska.art.pl\/konkurs_zespolow_jazz\/wp-json\/wp\/v2\/media\/418"}],"wp:attachment":[{"href":"https:\/\/bednarska.art.pl\/konkurs_zespolow_jazz\/wp-json\/wp\/v2\/media?parent=146"}],"curies":[{"name":"wp","href":"https:\/\/api.w.org\/{rel}","templated":true}]}}